{"id":3116,"date":"2020-11-04T13:31:45","date_gmt":"2020-11-04T12:31:45","guid":{"rendered":"https:\/\/www.michelangelos.ch\/unsere-leistungen\/"},"modified":"2021-10-27T16:41:27","modified_gmt":"2021-10-27T14:41:27","slug":"nuestros-servicios","status":"publish","type":"page","link":"https:\/\/michelangelos.ch\/es\/nuestros-servicios\/","title":{"rendered":"Nuestros servicios"},"content":{"rendered":"<div class=\"wpb-content-wrapper\"><p>[vc_row lg_spacing=\u00bbpadding_top:140;padding_bottom:0&#8243; md_spacing=\u00bbpadding_top:100;padding_bottom:0&#8243; sm_spacing=\u00bbpadding_top:60;padding_bottom:0&#8243;][vc_column][vc_column_text el_class=\u00bbbig-text\u00bb]<\/p>\n<p style=\"text-align: center;\">Nuestros servicios est\u00e1n orientados a lo largo de toda la cadena de valor de la propiedad e incluyen:<\/p>\n<p>[\/vc_column_text][\/vc_column][\/vc_row][vc_row][vc_column][vc_row_inner equal_height=\u00bbyes\u00bb content_placement=\u00bbtop\u00bb xs_content_alignment=\u00bbcenter\u00bb lg_spacing=\u00bbpadding_top:20&#8243; gutter=\u00bbxs:22;lg:32&#8243; el_class=\u00bbservices-grid\u00bb][vc_column_inner width=\u00bb1\/2&#8243; offset=\u00bbvc_col-lg-4&#8243; lg_spacing=\u00bbmargin_top:50&#8243;][tm_box_icon align=\u00bbcenter\u00bb image=\u00bb3761&#8243; heading=\u00bbGesti\u00f3n de proyectos\u00bb][vc_column_text]<\/p>\n<p style=\"text-align: left;\">Nuestra amplia experiencia en un gran n\u00famero de proyectos nos permite aportar aspectos espec\u00edficos de planificaci\u00f3n y ejecuci\u00f3n al trabajo del proyecto y formar equipos de proyecto. En este contexto, podemos identificar y reducir los riesgos del proyecto en una fase temprana. Sobre la base de las especificaciones de servicio libremente acordadas, apoyamos a nuestro cliente asumiendo las tareas del mismo en las \u00e1reas de organizaci\u00f3n y documentaci\u00f3n, calidad y cantidad, costes y plazos seg\u00fan las especificaciones de servicio libremente acordadas. De este modo, controlamos el tri\u00e1ngulo de relaciones entre los plazos, los costes y las necesidades de los usuarios mediante la planificaci\u00f3n de los procesos, la coordinaci\u00f3n de los participantes y las comparaciones constantes entre los objetivos y la realidad para su consecuci\u00f3n.<\/p>\n<p>[\/vc_column_text][\/vc_column_inner][vc_column_inner width=\u00bb1\/2&#8243; offset=\u00bbvc_col-lg-offset-0 vc_col-lg-4&#8243; lg_spacing=\u00bbmargin_top:50&#8243;][tm_box_icon align=\u00bbcenter\u00bb image=\u00bb1545&#8243; heading=\u00bbEncargo de b\u00fasqueda y venta de propiedades\u00bb][vc_column_text]<\/p>\n<p style=\"text-align: left;\">Para los inversores privados y comerciales, somos socios de confianza desde hace mucho tiempo a la hora de buscar (b\u00fasqueda de inmuebles cualificada) y vender (venta o colocaci\u00f3n en el mercado) inmuebles de renta e inversi\u00f3n. A tal fin, llevamos con total discreci\u00f3n aquellos requisitos sensibles de nuestros clientes. En estrecha coordinaci\u00f3n con nuestro cliente, se elaboran los perfiles y los objetivos que luego se llevan a la pr\u00e1ctica en el mercado. Nuestras actividades de b\u00fasqueda y venta se centran principalmente en las denominadas operaciones fuera de los mercados.<\/p>\n<p>[\/vc_column_text][\/vc_column_inner][vc_column_inner width=\u00bb1\/2&#8243; offset=\u00bbvc_col-lg-4&#8243; lg_spacing=\u00bbmargin_top:50&#8243;][tm_box_icon align=\u00bbcenter\u00bb image=\u00bb1547&#8243; heading=\u00bbGesti\u00f3n de la diligencia debida\u00bb][vc_column_text]<\/p>\n<p style=\"text-align: left;\">Nuestro proceso de diligencia debida en propiedades inmobiliarias aumenta la calidad a la hora de tomar decisiones y, al mismo tiempo, minimiza los riesgos. Con la participaci\u00f3n de expertos independientes en la materia como abogados, auditores, etc. podemos aplicar m\u00e9todos de an\u00e1lisis reconocidos y crear un informe de diligencia debida en el que registramos los resultados. Nuestros campos de auditoria comprenden los campos cl\u00e1sicos como el mercado, el derecho, los impuestos, la t\u00e9cnica (de construcci\u00f3n), las zonas contaminadas y las finanzas.<\/p>\n<p>[\/vc_column_text][\/vc_column_inner][vc_column_inner width=\u00bb1\/2&#8243; offset=\u00bbvc_col-lg-4&#8243; lg_spacing=\u00bbmargin_top:50&#8243;][tm_box_icon align=\u00bbcenter\u00bb image=\u00bb1546&#8243; heading=\u00bbDesarrollo de proyectos\u00bb][vc_column_text]<\/p>\n<p style=\"text-align: left;\">En el caso de los desarrollos de proyectos, junto con nuestros socios nos encargamos de la gesti\u00f3n de todas las tareas durante el desarrollo, la planificaci\u00f3n y la ejecuci\u00f3n del proyecto de construcci\u00f3n; esto tambi\u00e9n se aplica a los proyectos de revitalizaci\u00f3n urbana. Al realizar estas tareas, podemos garantizar que el proyecto se desarrolle sin problemas y que todas las partes implicadas en el proyecto de construcci\u00f3n est\u00e9n coordinadas. Tambi\u00e9n podemos garantizar que la calidad de la planificaci\u00f3n y el presupuesto establecido vayan en sinton\u00eda.<\/p>\n<p>[\/vc_column_text][\/vc_column_inner][vc_column_inner width=\u00bb1\/2&#8243; offset=\u00bbvc_col-lg-4&#8243; lg_spacing=\u00bbmargin_top:50&#8243;][tm_box_icon align=\u00bbcenter\u00bb heading=\u00bbInversiones inmobiliarias\u00bb image=\u00bb1544&#8243;][vc_column_text]<\/p>\n<p style=\"text-align: left;\">Manteniendo la mayor flexibilidad posible, nos hemos especializado en tres \u00e1reas de negocios. De esa forma, se produce un enfoque en las inversiones propias, el asesoramiento a empresas institucionales y privadas, y las coinversiones con socios. Los conocimientos t\u00e9cnicos existentes nos permiten invertir en un amplio espectro de clases de activos. Nuestros planteamientos de inversi\u00f3n se basan en los objetivos de nuestros clientes y en las posibilidades del propio objeto o proyecto. Pueden tratarse de planteamientos de inversi\u00f3n directa e indirecta, estrategias orientadas a mantener o negociar, planteamientos de gesti\u00f3n pasiva y activa, adversos al riesgo o que lo buscan.<\/p>\n<p>[\/vc_column_text][\/vc_column_inner][vc_column_inner width=\u00bb1\/2&#8243; offset=\u00bbvc_col-lg-4&#8243; lg_spacing=\u00bbmargin_top:50&#8243;][tm_box_icon align=\u00bbcenter\u00bb heading=\u00bbEstrategias de participaci\u00f3n\u00bb image=\u00bb1542&#8243;][vc_column_text]<\/p>\n<p style=\"text-align: left;\">La cooperaci\u00f3n en diversas relaciones accionariales con los socios del proyecto permite la asignaci\u00f3n \u00f3ptima de la experiencia y del capital invertido. En lo que respecta a sus diversas oportunidades de inversi\u00f3n, nuestros inversores tienen entonces la oportunidad de participar en inversiones permanentes, en desarrollos de proyectos, en propiedades potenciales y renovaciones, as\u00ed como de invertir en diversas clases de riesgo y rendimiento.<\/p>\n<p>[\/vc_column_text][\/vc_column_inner][vc_column_inner width=\u00bb1\/2&#8243; offset=\u00bbvc_col-lg-4&#8243; lg_spacing=\u00bbmargin_top:50&#8243;][tm_box_icon align=\u00bbcenter\u00bb mobile_align=\u00bbcenter\u00bb heading=\u00bbDesarrollo inmobiliario\u00bb image=\u00bb1543&#8243;][vc_column_text]<\/p>\n<p style=\"text-align: left;\">\u00a1No hay nada m\u00e1s certero que el cambio! Este consejo tambi\u00e9n se aplica al sector inmobiliario. Las propiedades ya existentes tienen que adaptarse a diferentes usos o los cambios en el mercado obligan a realizar nuevas inversiones. Las nuevas ideas para los centros de oficinas, comerciales y e industriales requieren la puesta a disposici\u00f3n de ubicaciones cualificadas, medidas individuales para su aplicaci\u00f3n pr\u00e1ctica y, sobre todo, la obtenci\u00f3n de inversores y operadores eficientes. Estos son los retos a los que nos enfrentamos.<\/p>\n<p>[\/vc_column_text][\/vc_column_inner][\/vc_row_inner][vc_row_inner lg_spacing=\u00bbpadding_top:80;padding_bottom:140&#8243; md_spacing=\u00bbpadding_top:60;padding_bottom:100&#8243;][vc_column_inner][tm_heading tag=\u00bbh4&#8243; custom_google_font=\u00bb\u00bb google_fonts=\u00bbfont_family:Roboto%3A100%2C100italic%2C300%2C300italic%2Cregular%2Citalic%2C500%2C500italic%2C700%2C700italic%2C900%2C900italic|font_style:700%20bold%20regular%3A700%3Anormal\u00bb align=\u00bbcenter\u00bb text=\u00bbLa base de nuestras acciones siempre se relaciona con las necesidades y posibilidades de la ubicaci\u00f3n y se basa en pautas an\u00e1logas a la gesti\u00f3n e incremento de activos comparables: El foco est\u00e1 en el equilibrio \u00f3ptimo entre rentabilidad y retenci\u00f3n de valor.\u00bb][\/vc_column_inner][\/vc_row_inner][\/vc_column][\/vc_row]<\/p>\n<\/div>","protected":false},"excerpt":{"rendered":"[vc_row lg_spacing=\u00bbpadding_top:140;padding_bottom:0&#8243; md_spacing=\u00bbpadding_top:100;padding_bottom:0&#8243; sm_spacing=\u00bbpadding_top:60;padding_bottom:0&#8243;][vc_column][vc_column_text el_class=\u00bbbig-text\u00bb] Nuestros servicios est\u00e1n orientados a lo largo de toda la cadena de valor de la propiedad e incluyen: [\/vc_column_text][\/vc_column][\/vc_row][vc_row][vc_column][vc_row_inner equal_height=\u00bbyes\u00bb content_placement=\u00bbtop\u00bb xs_content_alignment=\u00bbcenter\u00bb lg_spacing=\u00bbpadding_top:20&#8243; gutter=\u00bbxs:22;lg:32&#8243; el_class=\u00bbservices-grid\u00bb][vc_column_inner width=\u00bb1\/2&#8243; offset=\u00bbvc_col-lg-4&#8243; lg_spacing=\u00bbmargin_top:50&#8243;][tm_box_icon align=\u00bbcenter\u00bb image=\u00bb3761&#8243; heading=\u00bbGesti\u00f3n de proyectos\u00bb][vc_column_text] Nuestra amplia experiencia en un gran n\u00famero de proyectos nos permite aportar aspectos espec\u00edficos de planificaci\u00f3n y ejecuci\u00f3n al trabajo del proyecto y formar equipos de proyecto. En este contexto, podemos identificar y reducir los riesgos del proyecto en una fase temprana. Sobre la base de las especificaciones de servicio libremente acordadas, apoyamos a nuestro cliente asumiendo las tareas del mismo en las \u00e1reas de organizaci\u00f3n y documentaci\u00f3n, calidad y cantidad, costes y plazos seg\u00fan las especificaciones de servicio libremente acordadas. De este modo, controlamos el tri\u00e1ngulo de relaciones entre los plazos, los costes y las necesidades de los usuarios mediante la planificaci\u00f3n de los procesos, la coordinaci\u00f3n de los participantes y las comparaciones constantes entre los objetivos y la realidad para su consecuci\u00f3n. [\/vc_column_text][\/vc_column_inner][vc_column_inner width=\u00bb1\/2&#8243; offset=\u00bbvc_col-lg-offset-0 vc_col-lg-4&#8243; lg_spacing=\u00bbmargin_top:50&#8243;][tm_box_icon align=\u00bbcenter\u00bb image=\u00bb1545&#8243; heading=\u00bbEncargo de b\u00fasqueda y venta de propiedades\u00bb][vc_column_text] Para los inversores privados y comerciales, somos socios de confianza desde hace mucho tiempo a la hora de buscar (b\u00fasqueda de inmuebles cualificada) y vender (venta o colocaci\u00f3n en el mercado) inmuebles de renta e inversi\u00f3n. A tal fin, llevamos con total discreci\u00f3n aquellos requisitos sensibles de nuestros clientes. En estrecha coordinaci\u00f3n con nuestro cliente, se elaboran los perfiles y los objetivos que luego se llevan a la pr\u00e1ctica en el mercado. Nuestras actividades de b\u00fasqueda y venta se centran principalmente en las denominadas operaciones fuera de los mercados. [\/vc_column_text][\/vc_column_inner][vc_column_inner width=\u00bb1\/2&#8243; offset=\u00bbvc_col-lg-4&#8243; lg_spacing=\u00bbmargin_top:50&#8243;][tm_box_icon align=\u00bbcenter\u00bb image=\u00bb1547&#8243; heading=\u00bbGesti\u00f3n de la diligencia debida\u00bb][vc_column_text] Nuestro proceso de diligencia debida en propiedades inmobiliarias aumenta la calidad a la hora de tomar decisiones y, al mismo tiempo, minimiza los riesgos. Con la participaci\u00f3n de expertos independientes en la materia como abogados, auditores, etc. podemos aplicar m\u00e9todos de an\u00e1lisis reconocidos y crear un informe de diligencia debida en el que registramos los resultados. Nuestros campos de auditoria comprenden los campos cl\u00e1sicos como el mercado, el derecho, los impuestos, la t\u00e9cnica (de construcci\u00f3n), las zonas contaminadas y las finanzas. [\/vc_column_text][\/vc_column_inner][vc_column_inner width=\u00bb1\/2&#8243; offset=\u00bbvc_col-lg-4&#8243; lg_spacing=\u00bbmargin_top:50&#8243;][tm_box_icon align=\u00bbcenter\u00bb image=\u00bb1546&#8243; heading=\u00bbDesarrollo de proyectos\u00bb][vc_column_text] En el caso de los desarrollos de proyectos, junto con nuestros socios nos encargamos de la gesti\u00f3n de todas las tareas durante el desarrollo, la planificaci\u00f3n y la ejecuci\u00f3n del proyecto de construcci\u00f3n; esto tambi\u00e9n se aplica a los proyectos de revitalizaci\u00f3n urbana. Al realizar estas tareas, podemos garantizar que el proyecto se desarrolle sin problemas y que todas las partes implicadas en el proyecto de construcci\u00f3n est\u00e9n coordinadas. Tambi\u00e9n podemos garantizar que la calidad de la planificaci\u00f3n y el presupuesto establecido vayan en sinton\u00eda. [\/vc_column_text][\/vc_column_inner][vc_column_inner width=\u00bb1\/2&#8243; offset=\u00bbvc_col-lg-4&#8243; lg_spacing=\u00bbmargin_top:50&#8243;][tm_box_icon align=\u00bbcenter\u00bb heading=\u00bbInversiones inmobiliarias\u00bb image=\u00bb1544&#8243;][vc_column_text] Manteniendo la mayor flexibilidad posible, nos hemos especializado en tres \u00e1reas de negocios. De esa forma, se produce un enfoque en las inversiones propias, el asesoramiento a empresas institucionales y privadas, y las coinversiones con socios. Los conocimientos t\u00e9cnicos existentes nos permiten invertir en un amplio espectro de clases de activos. Nuestros planteamientos de inversi\u00f3n se basan en los objetivos de nuestros clientes y en las posibilidades del propio objeto o proyecto. Pueden tratarse de planteamientos de inversi\u00f3n directa e indirecta, estrategias orientadas a mantener o negociar, planteamientos de gesti\u00f3n pasiva y activa, adversos al riesgo o que lo buscan. [\/vc_column_text][\/vc_column_inner][vc_column_inner width=\u00bb1\/2&#8243; offset=\u00bbvc_col-lg-4&#8243; lg_spacing=\u00bbmargin_top:50&#8243;][tm_box_icon align=\u00bbcenter\u00bb heading=\u00bbEstrategias de participaci\u00f3n\u00bb image=\u00bb1542&#8243;][vc_column_text] La cooperaci\u00f3n en diversas relaciones accionariales con los socios del proyecto permite la asignaci\u00f3n \u00f3ptima de la experiencia y del capital invertido. En lo que respecta a sus diversas oportunidades de inversi\u00f3n, nuestros inversores tienen entonces la oportunidad de participar en inversiones permanentes, en desarrollos de proyectos, en propiedades potenciales y renovaciones, as\u00ed como de invertir en diversas clases de riesgo y rendimiento. [\/vc_column_text][\/vc_column_inner][vc_column_inner width=\u00bb1\/2&#8243; offset=\u00bbvc_col-lg-4&#8243; lg_spacing=\u00bbmargin_top:50&#8243;][tm_box_icon align=\u00bbcenter\u00bb mobile_align=\u00bbcenter\u00bb heading=\u00bbDesarrollo inmobiliario\u00bb image=\u00bb1543&#8243;][vc_column_text] \u00a1No hay nada m\u00e1s certero que el cambio! Este consejo tambi\u00e9n se aplica al sector inmobiliario. Las propiedades ya existentes tienen que adaptarse a diferentes usos o los cambios en el mercado obligan a realizar nuevas inversiones. Las nuevas ideas para los centros de oficinas, comerciales y e industriales requieren la puesta a disposici\u00f3n de ubicaciones cualificadas, medidas individuales para su aplicaci\u00f3n pr\u00e1ctica y, sobre todo, la obtenci\u00f3n de inversores y operadores eficientes. Estos son los retos a los que nos enfrentamos. [\/vc_column_text][\/vc_column_inner][\/vc_row_inner][vc_row_inner lg_spacing=\u00bbpadding_top:80;padding_bottom:140&#8243; md_spacing=\u00bbpadding_top:60;padding_bottom:100&#8243;][vc_column_inner][tm_heading tag=\u00bbh4&#8243; custom_google_font=\u00bb\u00bb google_fonts=\u00bbfont_family:Roboto%3A100%2C100italic%2C300%2C300italic%2Cregular%2Citalic%2C500%2C500italic%2C700%2C700italic%2C900%2C900italic|font_style:700%20bold%20regular%3A700%3Anormal\u00bb align=\u00bbcenter\u00bb text=\u00bbLa base de nuestras acciones siempre se relaciona con las necesidades y posibilidades de la ubicaci\u00f3n y se basa en pautas an\u00e1logas a la gesti\u00f3n e incremento de activos comparables: El foco est\u00e1 en el equilibrio \u00f3ptimo entre rentabilidad y retenci\u00f3n de valor.\u00bb][\/vc_column_inner][\/vc_row_inner][\/vc_column][\/vc_row]","protected":false},"author":1,"featured_media":0,"parent":0,"menu_order":0,"comment_status":"closed","ping_status":"closed","template":"","meta":{"footnotes":""},"_links":{"self":[{"href":"https:\/\/michelangelos.ch\/es\/wp-json\/wp\/v2\/pages\/3116"}],"collection":[{"href":"https:\/\/michelangelos.ch\/es\/wp-json\/wp\/v2\/pages"}],"about":[{"href":"https:\/\/michelangelos.ch\/es\/wp-json\/wp\/v2\/types\/page"}],"author":[{"embeddable":true,"href":"https:\/\/michelangelos.ch\/es\/wp-json\/wp\/v2\/users\/1"}],"replies":[{"embeddable":true,"href":"https:\/\/michelangelos.ch\/es\/wp-json\/wp\/v2\/comments?post=3116"}],"version-history":[{"count":10,"href":"https:\/\/michelangelos.ch\/es\/wp-json\/wp\/v2\/pages\/3116\/revisions"}],"predecessor-version":[{"id":3794,"href":"https:\/\/michelangelos.ch\/es\/wp-json\/wp\/v2\/pages\/3116\/revisions\/3794"}],"wp:attachment":[{"href":"https:\/\/michelangelos.ch\/es\/wp-json\/wp\/v2\/media?parent=3116"}],"curies":[{"name":"wp","href":"https:\/\/api.w.org\/{rel}","templated":true}]}}