{"id":3137,"date":"2018-03-28T02:45:56","date_gmt":"2018-03-28T02:45:56","guid":{"rendered":"https:\/\/www.michelangelos.ch\/architecture-agency\/"},"modified":"2021-10-27T16:43:32","modified_gmt":"2021-10-27T14:43:32","slug":"architecture-agency","status":"publish","type":"page","link":"https:\/\/michelangelos.ch\/es\/","title":{"rendered":"Startseite"},"content":{"rendered":"<div class=\"wpb-content-wrapper\"><p>[vc_row full_width=\u00bbstretch_row\u00bb background_color=\u00bbcustom\u00bb lg_spacing=\u00bbpadding_top:140;padding_bottom:140&#8243; md_spacing=\u00bbpadding_top:100;padding_bottom:100&#8243; sm_spacing=\u00bbpadding_top:60;padding_bottom:60&#8243; custom_background_color=\u00bb#28190f\u00bb][vc_column][tm_heading tag=\u00bbh4&#8243; custom_google_font=\u00bb\u00bb google_fonts=\u00bbfont_family:Roboto%3A100%2C100italic%2C300%2C300italic%2Cregular%2Citalic%2C500%2C500italic%2C700%2C700italic%2C900%2C900italic|font_style:700%20bold%20regular%3A700%3Anormal\u00bb align=\u00bbcenter\u00bb text_color=\u00bbcustom\u00bb custom_text_color=\u00bb#ffffff\u00bb text=\u00bbQuienes somos\u00bb][vc_column_text el_class=\u00bbbig-text\u00bb]<\/p>\n<p style=\"text-align: center; color: #d2c3aa;\">Desde hace m\u00e1s de 10 a\u00f1os, un equipo experimentado y especializado de Z\u00farich asesora y apoya a sus clientes en todas las cuestiones y asuntos relacionados con las inversiones inmobiliarias en Suiza y en el extranjero.<\/p>\n<p>[\/vc_column_text][\/vc_column][\/vc_row][vc_row full_width=\u00bbstretch_row\u00bb background_color=\u00bbcustom\u00bb lg_spacing=\u00bbpadding_top:216;padding_bottom:216&#8243; md_spacing=\u00bbpadding_top:180;padding_bottom:180&#8243; sm_spacing=\u00bbpadding_top:100;padding_bottom:100&#8243; xs_spacing=\u00bbpadding_top:80;padding_bottom:80&#8243; custom_background_color=\u00bb#28190f\u00bb background_image=\u00bb1216&#8243; el_class=\u00bbbg-gradient\u00bb background_position=\u00bbcenter\u00bb][vc_column][vc_row_inner][vc_column_inner width=\u00bb1\/2&#8243;][\/vc_column_inner][vc_column_inner width=\u00bb1\/2&#8243;][tm_heading tag=\u00bbh2&#8243; custom_google_font=\u00bb\u00bb text_color=\u00bbcustom\u00bb custom_text_color=\u00bb#ffffff\u00bb el_class=\u00bbheading-watermark\u00bb text=\u00bbQue hacemos\u00bb][tm_heading tag=\u00bbh2&#8243; custom_google_font=\u00bb\u00bb text_color=\u00bbcustom\u00bb custom_text_color=\u00bb#ffffff\u00bb text=\u00bbQue hacemos\u00bb][vc_column_text css=\u00bb.vc_custom_1623077799956{padding-top: 22px !important;}\u00bb]Compramos y vendemos inversiones inmobiliarias y apoyamos a nuestros clientes en el desarrollo y transacciones de sus proyectos. Nuestros clientes y socios son inversores institucionales, family offices, empresas inmobiliarias privadas y bancos. Con una red profesional y confiable de socios internacionales, garantizamos el conocimiento para los requisitos que se nos imponen.<\/p>\n<p><strong><span style=\"font-family: Roboto;\">Al tratar con nuestros clientes, la discreci\u00f3n, la seriedad y la privacidad son los pilares b\u00e1sicos para el \u00e9xito mutuo.<\/span><\/strong>[\/vc_column_text][\/vc_column_inner][\/vc_row_inner][\/vc_column][\/vc_row][vc_row lg_spacing=\u00bbpadding_top:140;padding_bottom:140&#8243; md_spacing=\u00bbpadding_top:100;padding_bottom:100&#8243; sm_spacing=\u00bbpadding_top:60;padding_bottom:60&#8243;][vc_column][tm_heading tag=\u00bbh2&#8243; custom_google_font=\u00bb\u00bb google_fonts=\u00bbfont_family:Roboto%3A100%2C100italic%2C300%2C300italic%2Cregular%2Citalic%2C500%2C500italic%2C700%2C700italic%2C900%2C900italic|font_style:500%20bold%20regular%3A500%3Anormal\u00bb align=\u00bbcenter\u00bb text_color=\u00bbcustom\u00bb custom_text_color=\u00bb#ffffff\u00bb text=\u00bbServicios\u00bb css=\u00bb.vc_custom_1623077830785{padding-bottom: 10px !important;}\u00bb][vc_column_text]<\/p>\n<p style=\"text-align: center;\">Nuestros servicios est\u00e1n orientados a lo largo de toda la cadena de valor de la propiedad e incluyen:<\/p>\n<p>[\/vc_column_text][vc_row_inner equal_height=\u00bbyes\u00bb lg_spacing=\u00bbpadding_top:60&#8243; md_spacing=\u00bbpadding_top:80&#8243; sm_spacing=\u00bbpadding_top:100&#8243;][vc_column_inner width=\u00bb1\/3&#8243; offset=\u00bbvc_col-lg-1\/5 vc_col-xs-6&#8243;][tm_box_icon align=\u00bbcenter\u00bb image=\u00bb3761&#8243; heading=\u00bbGesti\u00f3n de proyectos\u00bb][\/vc_column_inner][vc_column_inner width=\u00bb1\/3&#8243; offset=\u00bbvc_col-lg-1\/5 vc_col-xs-6&#8243;][tm_box_icon align=\u00bbcenter\u00bb image=\u00bb1547&#8243; heading=\u00bbGesti\u00f3n de la debida diligencia\u00bb][\/vc_column_inner][vc_column_inner width=\u00bb1\/3&#8243; offset=\u00bbvc_col-lg-1\/5 vc_col-xs-6&#8243;][tm_box_icon align=\u00bbcenter\u00bb image=\u00bb1545&#8243; heading=\u00bbB\u00fasqueda y venta de propiedades obligatorias\u00bb][\/vc_column_inner][vc_column_inner width=\u00bb1\/3&#8243; offset=\u00bbvc_col-lg-1\/5 vc_col-xs-6&#8243;][tm_box_icon align=\u00bbcenter\u00bb image=\u00bb1546&#8243; heading=\u00bbConsolidaci\u00f3n de cartera\u00bb][\/vc_column_inner][vc_column_inner width=\u00bb1\/3&#8243; offset=\u00bbvc_col-lg-1\/5 vc_col-xs-6&#8243;][tm_box_icon align=\u00bbcenter\u00bb heading=\u00bbInversiones inmobiliarias\u00bb image=\u00bb1544&#8243;][\/vc_column_inner][\/vc_row_inner][tm_button style=\u00bboutline\u00bb size=\u00bbcustom\u00bb button=\u00bburl:https%3A%2F%2Fwww.michelangelos.ch%2Fes%2Fnuestros-servicios%2F|title:Aprende%20m%C3%A1s||rel:nofollow\u00bb align=\u00bbcenter\u00bb color=\u00bbcustom\u00bb button_bg_color=\u00bbsecondary\u00bb font_color=\u00bbprimary\u00bb button_border_color=\u00bbprimary\u00bb button_bg_color_hover=\u00bbprimary\u00bb font_color_hover=\u00bbsecondary\u00bb button_border_color_hover=\u00bbprimary\u00bb border_width=\u00bb5&#8243; lg_spacing=\u00bbmargin_top:60&#8243;][\/vc_column][\/vc_row][vc_row full_width=\u00bbstretch_row_content\u00bb equal_height=\u00bbyes\u00bb content_placement=\u00bbmiddle\u00bb background_color=\u00bbsecondary\u00bb onepage_anchor=\u00bbnetworking\u00bb el_id=\u00bbnetworking\u00bb][vc_column width=\u00bb1\/2&#8243; background_color=\u00bbprimary\u00bb lg_spacing=\u00bbpadding_top:140;padding_right:90;padding_bottom:140;padding_left:90&#8243; offset=\u00bbvc_col-lg-6 vc_col-md-6 vc_col-xs-12&#8243; md_spacing=\u00bbpadding_top:100;padding_right:70;padding_bottom:100;padding_left:70&#8243; sm_spacing=\u00bbpadding_top:60;padding_right:50;padding_bottom:60;padding_left:50&#8243; el_class=\u00bbbg&#8211;dark\u00bb][tm_heading tag=\u00bbh2&#8243; custom_google_font=\u00bb\u00bb google_fonts=\u00bbfont_family:Roboto%3A100%2C100italic%2C300%2C300italic%2Cregular%2Citalic%2C500%2C500italic%2C700%2C700italic%2C900%2C900italic|font_style:500%20bold%20regular%3A500%3Anormal\u00bb text_color=\u00bbcustom\u00bb custom_text_color=\u00bb#ffffff\u00bb text=\u00bbRedes\u00bb css=\u00bb.vc_custom_1623077988717{padding-top: 10px !important;padding-bottom: 10px !important;}\u00bb][tm_heading tag=\u00bbh4&#8243; custom_google_font=\u00bb\u00bb google_fonts=\u00bbfont_family:Roboto%3A100%2C100italic%2C300%2C300italic%2Cregular%2Citalic%2C500%2C500italic%2C700%2C700italic%2C900%2C900italic|font_style:100%20light%20regular%3A100%3Anormal\u00bb text=\u00bbPor tu exito\u00bb][vc_column_text css=\u00bb.vc_custom_1635147542260{padding-top: 22px !important;}\u00bb]Somos miembros de varias organizaciones y grupos de inter\u00e9s para intercambiar experiencias y estar siempre informados de la actualidad del mercado.[\/vc_column_text][\/vc_column][vc_column width=\u00bb1\/2&#8243; el_class=\u00bbbg-image-column\u00bb background_image=\u00bb2270&#8243; background_position=\u00bbcenter\u00bb][\/vc_column][\/vc_row][vc_row full_width=\u00bbstretch_row_content_no_spaces\u00bb lg_spacing=\u00bbmargin_top:80;margin_bottom:75&#8243; el_id=\u00bbreferenzen\u00bb xs_spacing=\u00bbmargin_top:30&#8243; md_spacing=\u00bbmargin_top:35&#8243; sm_spacing=\u00bbmargin_top:35&#8243;][vc_column][tm_heading tag=\u00bbh2&#8243; custom_google_font=\u00bb\u00bb google_fonts=\u00bbfont_family:Roboto%3A100%2C100italic%2C300%2C300italic%2Cregular%2Citalic%2C500%2C500italic%2C700%2C700italic%2C900%2C900italic|font_style:500%20bold%20regular%3A500%3Anormal\u00bb align=\u00bbcenter\u00bb text_color=\u00bbcustom\u00bb custom_text_color=\u00bb#ffffff\u00bb text=\u00bbDe un vistazo\u00bb css=\u00bb.vc_custom_1623078052893{padding-top: 20px !important;padding-bottom: 10px !important;}\u00bb][tm_heading tag=\u00bbh4&#8243; custom_google_font=\u00bb\u00bb google_fonts=\u00bbfont_family:Roboto%3A100%2C100italic%2C300%2C300italic%2Cregular%2Citalic%2C500%2C500italic%2C700%2C700italic%2C900%2C900italic|font_style:100%20light%20regular%3A100%3Anormal\u00bb align=\u00bbcenter\u00bb text=\u00bbNuestras referencias\u00bb][tm_slider image_size=\u00bb500&#215;676&#8243; loop=\u00bb\u00bb equal_height=\u00bb1&#8243; pagination=\u00bb3&#8243; gutter=\u00bb5&#8243; text_align=\u00bbcenter\u00bb items_display=\u00bbxs:1;sm:2;md:3;lg:4&#8243; items=\u00bb%5B%7B%22image%22%3A%221222%22%2C%22link%22%3A%22Link%22%7D%2C%7B%22image%22%3A%221221%22%2C%22link%22%3A%22Link%22%7D%2C%7B%22image%22%3A%221220%22%2C%22link%22%3A%22Link%22%7D%2C%7B%22image%22%3A%221218%22%2C%22link%22%3A%22Link%22%7D%2C%7B%22image%22%3A%221217%22%2C%22link%22%3A%22Link%22%7D%2C%7B%22image%22%3A%221216%22%2C%22link%22%3A%22Link%22%7D%2C%7B%22image%22%3A%221215%22%2C%22link%22%3A%22Link%22%7D%2C%7B%22image%22%3A%221214%22%2C%22link%22%3A%22Link%22%7D%2C%7B%22image%22%3A%221213%22%2C%22link%22%3A%22Link%22%7D%5D\u00bb lg_spacing=\u00bbmargin_top:80&#8243; md_spacing=\u00bbmargin_top:60&#8243; sm_spacing=\u00bbmargin_top:40&#8243;][\/vc_column][\/vc_row][vc_row][vc_column][vc_column_text][\/vc_column_text][\/vc_column][\/vc_row][vc_row][vc_column][vc_column_text][\/vc_column_text][\/vc_column][\/vc_row][vc_row][vc_column][vc_column_text][\/vc_column_text][\/vc_column][\/vc_row]<\/p>\n<\/div>","protected":false},"excerpt":{"rendered":"[vc_row full_width=\u00bbstretch_row\u00bb background_color=\u00bbcustom\u00bb lg_spacing=\u00bbpadding_top:140;padding_bottom:140&#8243; md_spacing=\u00bbpadding_top:100;padding_bottom:100&#8243; sm_spacing=\u00bbpadding_top:60;padding_bottom:60&#8243; custom_background_color=\u00bb#28190f\u00bb][vc_column][tm_heading tag=\u00bbh4&#8243; custom_google_font=\u00bb\u00bb google_fonts=\u00bbfont_family:Roboto%3A100%2C100italic%2C300%2C300italic%2Cregular%2Citalic%2C500%2C500italic%2C700%2C700italic%2C900%2C900italic|font_style:700%20bold%20regular%3A700%3Anormal\u00bb align=\u00bbcenter\u00bb text_color=\u00bbcustom\u00bb custom_text_color=\u00bb#ffffff\u00bb text=\u00bbQuienes somos\u00bb][vc_column_text el_class=\u00bbbig-text\u00bb] Desde hace m\u00e1s de 10 a\u00f1os, un equipo experimentado y especializado de Z\u00farich asesora y apoya a sus clientes en todas las cuestiones y asuntos relacionados con las inversiones inmobiliarias en Suiza y en el extranjero. [\/vc_column_text][\/vc_column][\/vc_row][vc_row full_width=\u00bbstretch_row\u00bb background_color=\u00bbcustom\u00bb lg_spacing=\u00bbpadding_top:216;padding_bottom:216&#8243; md_spacing=\u00bbpadding_top:180;padding_bottom:180&#8243; sm_spacing=\u00bbpadding_top:100;padding_bottom:100&#8243; xs_spacing=\u00bbpadding_top:80;padding_bottom:80&#8243; custom_background_color=\u00bb#28190f\u00bb background_image=\u00bb1216&#8243; el_class=\u00bbbg-gradient\u00bb background_position=\u00bbcenter\u00bb][vc_column][vc_row_inner][vc_column_inner width=\u00bb1\/2&#8243;][\/vc_column_inner][vc_column_inner width=\u00bb1\/2&#8243;][tm_heading tag=\u00bbh2&#8243; custom_google_font=\u00bb\u00bb text_color=\u00bbcustom\u00bb custom_text_color=\u00bb#ffffff\u00bb el_class=\u00bbheading-watermark\u00bb text=\u00bbQue hacemos\u00bb][tm_heading tag=\u00bbh2&#8243; custom_google_font=\u00bb\u00bb text_color=\u00bbcustom\u00bb custom_text_color=\u00bb#ffffff\u00bb text=\u00bbQue hacemos\u00bb][vc_column_text css=\u00bb.vc_custom_1623077799956{padding-top: 22px !important;}\u00bb]Compramos y vendemos inversiones inmobiliarias y apoyamos a nuestros clientes en el desarrollo y transacciones de sus proyectos. Nuestros clientes y socios son inversores institucionales, family offices, empresas inmobiliarias privadas y bancos. Con una red profesional y confiable de socios internacionales, garantizamos el conocimiento para los requisitos que se nos imponen. Al tratar con nuestros clientes, la discreci\u00f3n, la seriedad y la privacidad son los pilares b\u00e1sicos para el \u00e9xito mutuo.[\/vc_column_text][\/vc_column_inner][\/vc_row_inner][\/vc_column][\/vc_row][vc_row lg_spacing=\u00bbpadding_top:140;padding_bottom:140&#8243; md_spacing=\u00bbpadding_top:100;padding_bottom:100&#8243; sm_spacing=\u00bbpadding_top:60;padding_bottom:60&#8243;][vc_column][tm_heading tag=\u00bbh2&#8243; custom_google_font=\u00bb\u00bb google_fonts=\u00bbfont_family:Roboto%3A100%2C100italic%2C300%2C300italic%2Cregular%2Citalic%2C500%2C500italic%2C700%2C700italic%2C900%2C900italic|font_style:500%20bold%20regular%3A500%3Anormal\u00bb align=\u00bbcenter\u00bb text_color=\u00bbcustom\u00bb custom_text_color=\u00bb#ffffff\u00bb text=\u00bbServicios\u00bb css=\u00bb.vc_custom_1623077830785{padding-bottom: 10px !important;}\u00bb][vc_column_text] Nuestros servicios est\u00e1n orientados a lo largo de toda la cadena de valor de la propiedad e incluyen: [\/vc_column_text][vc_row_inner equal_height=\u00bbyes\u00bb lg_spacing=\u00bbpadding_top:60&#8243; md_spacing=\u00bbpadding_top:80&#8243; sm_spacing=\u00bbpadding_top:100&#8243;][vc_column_inner width=\u00bb1\/3&#8243; offset=\u00bbvc_col-lg-1\/5 vc_col-xs-6&#8243;][tm_box_icon align=\u00bbcenter\u00bb image=\u00bb3761&#8243; heading=\u00bbGesti\u00f3n de proyectos\u00bb][\/vc_column_inner][vc_column_inner width=\u00bb1\/3&#8243; offset=\u00bbvc_col-lg-1\/5 vc_col-xs-6&#8243;][tm_box_icon align=\u00bbcenter\u00bb image=\u00bb1547&#8243; heading=\u00bbGesti\u00f3n de la debida diligencia\u00bb][\/vc_column_inner][vc_column_inner width=\u00bb1\/3&#8243; offset=\u00bbvc_col-lg-1\/5 vc_col-xs-6&#8243;][tm_box_icon align=\u00bbcenter\u00bb image=\u00bb1545&#8243; heading=\u00bbB\u00fasqueda y venta de propiedades obligatorias\u00bb][\/vc_column_inner][vc_column_inner width=\u00bb1\/3&#8243; offset=\u00bbvc_col-lg-1\/5 vc_col-xs-6&#8243;][tm_box_icon align=\u00bbcenter\u00bb image=\u00bb1546&#8243; heading=\u00bbConsolidaci\u00f3n de cartera\u00bb][\/vc_column_inner][vc_column_inner width=\u00bb1\/3&#8243; offset=\u00bbvc_col-lg-1\/5 vc_col-xs-6&#8243;][tm_box_icon align=\u00bbcenter\u00bb heading=\u00bbInversiones inmobiliarias\u00bb image=\u00bb1544&#8243;][\/vc_column_inner][\/vc_row_inner][tm_button style=\u00bboutline\u00bb size=\u00bbcustom\u00bb button=\u00bburl:https%3A%2F%2Fwww.michelangelos.ch%2Fes%2Fnuestros-servicios%2F|title:Aprende%20m%C3%A1s||rel:nofollow\u00bb align=\u00bbcenter\u00bb color=\u00bbcustom\u00bb button_bg_color=\u00bbsecondary\u00bb font_color=\u00bbprimary\u00bb button_border_color=\u00bbprimary\u00bb button_bg_color_hover=\u00bbprimary\u00bb font_color_hover=\u00bbsecondary\u00bb button_border_color_hover=\u00bbprimary\u00bb border_width=\u00bb5&#8243; lg_spacing=\u00bbmargin_top:60&#8243;][\/vc_column][\/vc_row][vc_row full_width=\u00bbstretch_row_content\u00bb equal_height=\u00bbyes\u00bb content_placement=\u00bbmiddle\u00bb background_color=\u00bbsecondary\u00bb onepage_anchor=\u00bbnetworking\u00bb el_id=\u00bbnetworking\u00bb][vc_column width=\u00bb1\/2&#8243; background_color=\u00bbprimary\u00bb lg_spacing=\u00bbpadding_top:140;padding_right:90;padding_bottom:140;padding_left:90&#8243; offset=\u00bbvc_col-lg-6 vc_col-md-6 vc_col-xs-12&#8243; md_spacing=\u00bbpadding_top:100;padding_right:70;padding_bottom:100;padding_left:70&#8243; sm_spacing=\u00bbpadding_top:60;padding_right:50;padding_bottom:60;padding_left:50&#8243; el_class=\u00bbbg&#8211;dark\u00bb][tm_heading tag=\u00bbh2&#8243; custom_google_font=\u00bb\u00bb google_fonts=\u00bbfont_family:Roboto%3A100%2C100italic%2C300%2C300italic%2Cregular%2Citalic%2C500%2C500italic%2C700%2C700italic%2C900%2C900italic|font_style:500%20bold%20regular%3A500%3Anormal\u00bb text_color=\u00bbcustom\u00bb custom_text_color=\u00bb#ffffff\u00bb text=\u00bbRedes\u00bb css=\u00bb.vc_custom_1623077988717{padding-top: 10px !important;padding-bottom: 10px !important;}\u00bb][tm_heading tag=\u00bbh4&#8243; custom_google_font=\u00bb\u00bb google_fonts=\u00bbfont_family:Roboto%3A100%2C100italic%2C300%2C300italic%2Cregular%2Citalic%2C500%2C500italic%2C700%2C700italic%2C900%2C900italic|font_style:100%20light%20regular%3A100%3Anormal\u00bb text=\u00bbPor tu exito\u00bb][vc_column_text css=\u00bb.vc_custom_1635147542260{padding-top: 22px !important;}\u00bb]Somos miembros de varias organizaciones y grupos de inter\u00e9s para intercambiar experiencias y estar siempre informados de la actualidad del mercado.[\/vc_column_text][\/vc_column][vc_column width=\u00bb1\/2&#8243; el_class=\u00bbbg-image-column\u00bb background_image=\u00bb2270&#8243; background_position=\u00bbcenter\u00bb][\/vc_column][\/vc_row][vc_row full_width=\u00bbstretch_row_content_no_spaces\u00bb lg_spacing=\u00bbmargin_top:80;margin_bottom:75&#8243; el_id=\u00bbreferenzen\u00bb xs_spacing=\u00bbmargin_top:30&#8243; md_spacing=\u00bbmargin_top:35&#8243; sm_spacing=\u00bbmargin_top:35&#8243;][vc_column][tm_heading tag=\u00bbh2&#8243; custom_google_font=\u00bb\u00bb google_fonts=\u00bbfont_family:Roboto%3A100%2C100italic%2C300%2C300italic%2Cregular%2Citalic%2C500%2C500italic%2C700%2C700italic%2C900%2C900italic|font_style:500%20bold%20regular%3A500%3Anormal\u00bb align=\u00bbcenter\u00bb text_color=\u00bbcustom\u00bb custom_text_color=\u00bb#ffffff\u00bb text=\u00bbDe un vistazo\u00bb css=\u00bb.vc_custom_1623078052893{padding-top: 20px !important;padding-bottom: 10px !important;}\u00bb][tm_heading tag=\u00bbh4&#8243; custom_google_font=\u00bb\u00bb google_fonts=\u00bbfont_family:Roboto%3A100%2C100italic%2C300%2C300italic%2Cregular%2Citalic%2C500%2C500italic%2C700%2C700italic%2C900%2C900italic|font_style:100%20light%20regular%3A100%3Anormal\u00bb align=\u00bbcenter\u00bb text=\u00bbNuestras referencias\u00bb][tm_slider image_size=\u00bb500&#215;676&#8243; loop=\u00bb\u00bb equal_height=\u00bb1&#8243; pagination=\u00bb3&#8243; gutter=\u00bb5&#8243; text_align=\u00bbcenter\u00bb items_display=\u00bbxs:1;sm:2;md:3;lg:4&#8243; items=\u00bb%5B%7B%22image%22%3A%221222%22%2C%22link%22%3A%22Link%22%7D%2C%7B%22image%22%3A%221221%22%2C%22link%22%3A%22Link%22%7D%2C%7B%22image%22%3A%221220%22%2C%22link%22%3A%22Link%22%7D%2C%7B%22image%22%3A%221218%22%2C%22link%22%3A%22Link%22%7D%2C%7B%22image%22%3A%221217%22%2C%22link%22%3A%22Link%22%7D%2C%7B%22image%22%3A%221216%22%2C%22link%22%3A%22Link%22%7D%2C%7B%22image%22%3A%221215%22%2C%22link%22%3A%22Link%22%7D%2C%7B%22image%22%3A%221214%22%2C%22link%22%3A%22Link%22%7D%2C%7B%22image%22%3A%221213%22%2C%22link%22%3A%22Link%22%7D%5D\u00bb lg_spacing=\u00bbmargin_top:80&#8243; md_spacing=\u00bbmargin_top:60&#8243; sm_spacing=\u00bbmargin_top:40&#8243;][\/vc_column][\/vc_row][vc_row][vc_column][vc_column_text][\/vc_column_text][\/vc_column][\/vc_row][vc_row][vc_column][vc_column_text][\/vc_column_text][\/vc_column][\/vc_row][vc_row][vc_column][vc_column_text][\/vc_column_text][\/vc_column][\/vc_row]","protected":false},"author":1,"featured_media":0,"parent":0,"menu_order":0,"comment_status":"closed","ping_status":"closed","template":"","meta":{"footnotes":""},"_links":{"self":[{"href":"https:\/\/michelangelos.ch\/es\/wp-json\/wp\/v2\/pages\/3137"}],"collection":[{"href":"https:\/\/michelangelos.ch\/es\/wp-json\/wp\/v2\/pages"}],"about":[{"href":"https:\/\/michelangelos.ch\/es\/wp-json\/wp\/v2\/types\/page"}],"author":[{"embeddable":true,"href":"https:\/\/michelangelos.ch\/es\/wp-json\/wp\/v2\/users\/1"}],"replies":[{"embeddable":true,"href":"https:\/\/michelangelos.ch\/es\/wp-json\/wp\/v2\/comments?post=3137"}],"version-history":[{"count":12,"href":"https:\/\/michelangelos.ch\/es\/wp-json\/wp\/v2\/pages\/3137\/revisions"}],"predecessor-version":[{"id":3796,"href":"https:\/\/michelangelos.ch\/es\/wp-json\/wp\/v2\/pages\/3137\/revisions\/3796"}],"wp:attachment":[{"href":"https:\/\/michelangelos.ch\/es\/wp-json\/wp\/v2\/media?parent=3137"}],"curies":[{"name":"wp","href":"https:\/\/api.w.org\/{rel}","templated":true}]}}