{"id":3171,"date":"2020-11-04T13:41:54","date_gmt":"2020-11-04T12:41:54","guid":{"rendered":"https:\/\/www.michelangelos.ch\/standort\/"},"modified":"2021-11-10T10:07:00","modified_gmt":"2021-11-10T09:07:00","slug":"ubicaciones","status":"publish","type":"page","link":"https:\/\/michelangelos.ch\/es\/ubicaciones\/","title":{"rendered":"Ubicaciones"},"content":{"rendered":"<div class=\"wpb-content-wrapper\"><p>[vc_row lg_spacing=\u00bbpadding_top:100;padding_bottom:140&#8243; md_spacing=\u00bbpadding_top:100;padding_bottom:100&#8243; sm_spacing=\u00bbpadding_top:60;padding_bottom:60&#8243;][vc_column sm_spacing=\u00bbmargin_bottom:50&#8243;][tm_heading tag=\u00bbh2&#8243; custom_google_font=\u00bb\u00bb google_fonts=\u00bbfont_family:Roboto%3A100%2C100italic%2C300%2C300italic%2Cregular%2Citalic%2C500%2C500italic%2C700%2C700italic%2C900%2C900italic|font_style:500%20bold%20regular%3A500%3Anormal\u00bb text_color=\u00bbcustom\u00bb custom_text_color=\u00bb#ffffff\u00bb text=\u00bbRichterswil | Z\u00fcrich\u00bb font_size=\u00bbmd:27&#8243; css=\u00bb.vc_custom_1636103174371{padding-top: 10px !important;padding-bottom: 10px !important;}\u00bb][vc_raw_html css=\u00bb.vc_custom_1622540631597{margin-top: 30px !important;margin-bottom: 40px !important;}\u00bb el_class=\u00bbshadow-map\u00bb]JTNDZGl2JTNFJTBBJTNDaWZyYW1lJTIwc3JjJTNEJTIyaHR0cHMlM0ElMkYlMkZ3d3cuZ29vZ2xlLmNvbSUyRm1hcHMlMkZlbWJlZCUzRnBiJTNEJTIxMW0xOCUyMTFtMTIlMjExbTMlMjExZDE1MzMyLjY0NTgzOTE2Njg0JTIxMmQ4LjcxMzUyOTYwMTgyNDA2NyUyMTNkNDcuMjA3Njg5MzYxNTcyOTI1JTIxMm0zJTIxMWYwJTIxMmYwJTIxM2YwJTIxM20yJTIxMWkxMDI0JTIxMmk3NjglMjE0ZjEzLjElMjEzbTMlMjExbTIlMjExczB4NDc5YWIxZWVjNjY1MWU2ZiUyNTNBMHhhNjdlZDRiMDhlNjk1ODNiJTIxMnNTeWRlZHJ1Y2tpd2VnJTI1MjA2JTI1MkMlMjUyMDg4MDUlMjUyMFJpY2h0ZXJzd2lsJTI1MkMlMjUyMFNjaHdlaXolMjE1ZTAlMjEzbTIlMjExc2RlJTIxMnNkZSUyMTR2MTYyMjU0MDI3NzQwNCUyMTVtMiUyMTFzZGUlMjEyc2RlJTIyJTIwd2lkdGglM0QlMjIxMDAlMjUlMjIlMjBoZWlnaHQlM0QlMjI1NTAlMjIlMjBzdHlsZSUzRCUyMmJvcmRlciUzQTAlM0IlMjIlMjBhbGxvd2Z1bGxzY3JlZW4lM0QlMjIlMjIlMjBsb2FkaW5nJTNEJTIybGF6eSUyMiUzRSUzQyUyRmlmcmFtZSUzRSUwQSUzQyUyRmRpdiUzRQ==[\/vc_raw_html][vc_row_inner][vc_column_inner width=\u00bb1\/2&#8243;][vc_column_text]<\/p>\n<p class=\"heading\">Z\u00farich es uno de los cinco centros financieros m\u00e1s competitivos y atractivos del mundo y fue nombrada por primera vez en 2012 la ciudad m\u00e1s cara del mundo por la reconocida revista de negocios brit\u00e1nica \u00abEconomist\u00bb en su encuesta anual.  Pero Z\u00farich es m\u00e1s que bancos: el centro financiero de Z\u00farich tambi\u00e9n se ha consolidado como un importante centro de TIC, ciencias de la vida, tecnolog\u00edas limpias, as\u00ed como de industrias creativas y turismo. Numerosas empresas internacionales han establecido aqu\u00ed sus sedes y centros de investigaci\u00f3n. Adem\u00e1s de la estabilidad econ\u00f3mica y pol\u00edtica de Suiza, la alta calidad de vida de Z\u00farich y la proximidad a excelentes universidades convencen.<\/p>\n<p>[\/vc_column_text][\/vc_column_inner][vc_column_inner width=\u00bb1\/2&#8243;][vc_column_text]<\/p>\n<div id=\"tm-row-60b780e646b42\" class=\"vc_row vc_row-outer vc_row-fluid\">\n<div id=\"tm-column-60b780e646d6c\" class=\"wpb_column vc_column_container vc_col-sm-12\">\n<div class=\"vc_column-inner \">\n<div class=\"wpb_wrapper\">\n<div id=\"tm-heading-60b780e646f93\" class=\"tm-heading center tm-animation move-down animate\">\n<p class=\"heading\">Tambi\u00e9n trasladamos la ventaja de la ubicaci\u00f3n a nuestros clientes, que as\u00ed no s\u00f3lo reciben asesoramiento profesional sino que tambi\u00e9n pueden disfrutar de las ventajas de una ciudad cosmopolita. Nuestra administraci\u00f3n se encuentra directamente en la orilla derecha del lago de Z\u00farich, en Richterswil. Nuestra oficina y sala de exposiciones est\u00e1n a pocos pasos de la estaci\u00f3n de tren o tambi\u00e9n se puede llegar en transporte privado a trav\u00e9s de la autopista A3.<\/p>\n<\/div>\n<\/div>\n<\/div>\n<\/div>\n<\/div>\n<p>[\/vc_column_text][\/vc_column_inner][\/vc_row_inner][\/vc_column][\/vc_row]<\/p>\n<\/div>","protected":false},"excerpt":{"rendered":"[vc_row lg_spacing=\u00bbpadding_top:100;padding_bottom:140&#8243; md_spacing=\u00bbpadding_top:100;padding_bottom:100&#8243; sm_spacing=\u00bbpadding_top:60;padding_bottom:60&#8243;][vc_column sm_spacing=\u00bbmargin_bottom:50&#8243;][tm_heading tag=\u00bbh2&#8243; custom_google_font=\u00bb\u00bb google_fonts=\u00bbfont_family:Roboto%3A100%2C100italic%2C300%2C300italic%2Cregular%2Citalic%2C500%2C500italic%2C700%2C700italic%2C900%2C900italic|font_style:500%20bold%20regular%3A500%3Anormal\u00bb text_color=\u00bbcustom\u00bb custom_text_color=\u00bb#ffffff\u00bb text=\u00bbRichterswil | Z\u00fcrich\u00bb font_size=\u00bbmd:27&#8243; css=\u00bb.vc_custom_1636103174371{padding-top: 10px !important;padding-bottom: 10px !important;}\u00bb][vc_raw_html css=\u00bb.vc_custom_1622540631597{margin-top: 30px !important;margin-bottom: 40px !important;}\u00bb el_class=\u00bbshadow-map\u00bb]JTNDZGl2JTNFJTBBJTNDaWZyYW1lJTIwc3JjJTNEJTIyaHR0cHMlM0ElMkYlMkZ3d3cuZ29vZ2xlLmNvbSUyRm1hcHMlMkZlbWJlZCUzRnBiJTNEJTIxMW0xOCUyMTFtMTIlMjExbTMlMjExZDE1MzMyLjY0NTgzOTE2Njg0JTIxMmQ4LjcxMzUyOTYwMTgyNDA2NyUyMTNkNDcuMjA3Njg5MzYxNTcyOTI1JTIxMm0zJTIxMWYwJTIxMmYwJTIxM2YwJTIxM20yJTIxMWkxMDI0JTIxMmk3NjglMjE0ZjEzLjElMjEzbTMlMjExbTIlMjExczB4NDc5YWIxZWVjNjY1MWU2ZiUyNTNBMHhhNjdlZDRiMDhlNjk1ODNiJTIxMnNTeWRlZHJ1Y2tpd2VnJTI1MjA2JTI1MkMlMjUyMDg4MDUlMjUyMFJpY2h0ZXJzd2lsJTI1MkMlMjUyMFNjaHdlaXolMjE1ZTAlMjEzbTIlMjExc2RlJTIxMnNkZSUyMTR2MTYyMjU0MDI3NzQwNCUyMTVtMiUyMTFzZGUlMjEyc2RlJTIyJTIwd2lkdGglM0QlMjIxMDAlMjUlMjIlMjBoZWlnaHQlM0QlMjI1NTAlMjIlMjBzdHlsZSUzRCUyMmJvcmRlciUzQTAlM0IlMjIlMjBhbGxvd2Z1bGxzY3JlZW4lM0QlMjIlMjIlMjBsb2FkaW5nJTNEJTIybGF6eSUyMiUzRSUzQyUyRmlmcmFtZSUzRSUwQSUzQyUyRmRpdiUzRQ==[\/vc_raw_html][vc_row_inner][vc_column_inner width=\u00bb1\/2&#8243;][vc_column_text] Z\u00farich es uno de los cinco centros financieros m\u00e1s competitivos y atractivos del mundo y fue nombrada por primera vez en 2012 la ciudad m\u00e1s cara del mundo por la reconocida revista de negocios brit\u00e1nica \u00abEconomist\u00bb en su encuesta anual. Pero Z\u00farich es m\u00e1s que bancos: el centro financiero de Z\u00farich tambi\u00e9n se ha consolidado como un importante centro de TIC, ciencias de la vida, tecnolog\u00edas limpias, as\u00ed como de industrias creativas y turismo. Numerosas empresas internacionales han establecido aqu\u00ed sus sedes y centros de investigaci\u00f3n. Adem\u00e1s de la estabilidad econ\u00f3mica y pol\u00edtica de Suiza, la alta calidad de vida de Z\u00farich y la proximidad a excelentes universidades convencen. [\/vc_column_text][\/vc_column_inner][vc_column_inner width=\u00bb1\/2&#8243;][vc_column_text] Tambi\u00e9n trasladamos la ventaja de la ubicaci\u00f3n a nuestros clientes, que as\u00ed no s\u00f3lo reciben asesoramiento profesional sino que tambi\u00e9n pueden disfrutar de las ventajas de una ciudad cosmopolita. Nuestra administraci\u00f3n se encuentra directamente en la orilla derecha del lago de Z\u00farich, en Richterswil. Nuestra oficina y sala de exposiciones est\u00e1n a pocos pasos de la estaci\u00f3n de tren o tambi\u00e9n se puede llegar en transporte privado a trav\u00e9s de la autopista A3. [\/vc_column_text][\/vc_column_inner][\/vc_row_inner][\/vc_column][\/vc_row]","protected":false},"author":1,"featured_media":0,"parent":0,"menu_order":0,"comment_status":"closed","ping_status":"closed","template":"","meta":{"footnotes":""},"_links":{"self":[{"href":"https:\/\/michelangelos.ch\/es\/wp-json\/wp\/v2\/pages\/3171"}],"collection":[{"href":"https:\/\/michelangelos.ch\/es\/wp-json\/wp\/v2\/pages"}],"about":[{"href":"https:\/\/michelangelos.ch\/es\/wp-json\/wp\/v2\/types\/page"}],"author":[{"embeddable":true,"href":"https:\/\/michelangelos.ch\/es\/wp-json\/wp\/v2\/users\/1"}],"replies":[{"embeddable":true,"href":"https:\/\/michelangelos.ch\/es\/wp-json\/wp\/v2\/comments?post=3171"}],"version-history":[{"count":10,"href":"https:\/\/michelangelos.ch\/es\/wp-json\/wp\/v2\/pages\/3171\/revisions"}],"predecessor-version":[{"id":3826,"href":"https:\/\/michelangelos.ch\/es\/wp-json\/wp\/v2\/pages\/3171\/revisions\/3826"}],"wp:attachment":[{"href":"https:\/\/michelangelos.ch\/es\/wp-json\/wp\/v2\/media?parent=3171"}],"curies":[{"name":"wp","href":"https:\/\/api.w.org\/{rel}","templated":true}]}}