{"id":3265,"date":"2021-02-10T14:57:17","date_gmt":"2021-02-10T13:57:17","guid":{"rendered":"https:\/\/www.michelangelos.ch\/impressum\/"},"modified":"2021-03-09T09:31:40","modified_gmt":"2021-03-09T08:31:40","slug":"impressum","status":"publish","type":"page","link":"https:\/\/michelangelos.ch\/es\/impressum\/","title":{"rendered":"Impressum"},"content":{"rendered":"<div class=\"wpb-content-wrapper\"><p>[vc_row lg_spacing=\u00bbmargin_bottom:75&#8243;][vc_column][tm_heading tag=\u00bbh4&#8243; custom_google_font=\u00bb\u00bb google_fonts=\u00bbfont_family:Roboto%3A100%2C100italic%2C300%2C300italic%2Cregular%2Citalic%2C500%2C500italic%2C700%2C700italic%2C900%2C900italic|font_style:700%20bold%20regular%3A700%3Anormal\u00bb align=\u00bbcenter\u00bb text=\u00bbMichelangelo\u2019s Real Estates &amp; Equities GmbH\u00bb font_size=\u00bblg:21&#8243;][\/vc_column][\/vc_row][vc_row lg_spacing=\u00bbmargin_bottom:75&#8243;][vc_column][vc_column_text]Sede legal: Z\u00farich (CH)<br \/>\nN\u00b0 registro mercantil: CH-020.4.047.287-7<br \/>\nSede comercial: Einsiedlerstra\u00dfe 25, 8820 W\u00e4denswil \/ Kanton Z\u00farich, Suiza<\/p>\n<p>Tel.: <a href=\"tel:+41442146658\">+41 44 214 6658<\/a><br \/>\nFax: +41 44 214 6519<br \/>\nE-Mail: <a href=\"mailto:info@michelangelos.ch\">info@michelangelos.ch<\/a><br \/>\nWeb: <a href=\"\/\">www.michelangelos.ch<\/a><\/p>\n<p>&nbsp;<\/p>\n<h3><span style=\"font-size: 10pt;\">Informaci\u00f3n de derechos de de autor<\/span><\/h3>\n<p><span style=\"font-size: 10pt;\">El contenido y los programas de esta p\u00e1gina web est\u00e1n protegidos por los derechos de autor de Michelangelo\u2019s Real Estates &amp; Equities GmbH. Todos los derechos reservados. Esta p\u00e1gina web puede contener en parte im\u00e1genes, textos o sonidos que est\u00e9n sujetos a derechos de autor de terceros. La informaci\u00f3n sobre los derechos de autor en estos casos se indica en las zonas correspondientes. La informaci\u00f3n de esta p\u00e1gina web, inclusive textos, im\u00e1genes y sonidos, no se puede reproducir, transferir, distribuir o almacenar sin el consentimiento por escrito del editor, a menos que se acuerde expresamente lo contrario. La modificaci\u00f3n del contenido de esta p\u00e1gina web queda estrictamente prohibida.<\/span><\/p>\n<h3><span style=\"font-size: 10pt;\">Informaci\u00f3n sobre enlaces externos<\/span><\/h3>\n<p><span style=\"font-size: 10pt;\">A pesar del esmerado control del contenido de esta p\u00e1gina, Michelangelo\u2019s Real Estates &amp; Equities GmbH no asume ninguna responsabilidad sobre el contenido de p\u00e1ginas web externas, a las cuales se accede a trav\u00e9s de un enlace. La responsabilidad de los contenidos de p\u00e1ginas web externas recae exclusivamente sus operadores.<\/span><\/p>\n<h3><span style=\"font-size: 10pt;\">Exclusi\u00f3n de responsabilidad<\/span><\/h3>\n<p><span style=\"font-size: 10pt;\">La informaci\u00f3n de esta p\u00e1gina web se entiende \u00abtal cual\u00bb, sin garant\u00eda expl\u00edcita de ning\u00fan tipo. La informaci\u00f3n proporcionada en esta p\u00e1gina web se ha revisado atentamente y se actualiza de forma regular. Sin embargo, no repodemos garantizar que toda la informaci\u00f3n suministrada en este sitio web est\u00e9 completa, correcta y actualizada en cada momento. Toda la informaci\u00f3n est\u00e1 sujeta a actualizaci\u00f3n, eliminaci\u00f3n o modificaci\u00f3n sin aviso previo.<\/span>[\/vc_column_text][\/vc_column][\/vc_row]<\/p>\n<\/div>","protected":false},"excerpt":{"rendered":"[vc_row lg_spacing=\u00bbmargin_bottom:75&#8243;][vc_column][tm_heading tag=\u00bbh4&#8243; custom_google_font=\u00bb\u00bb google_fonts=\u00bbfont_family:Roboto%3A100%2C100italic%2C300%2C300italic%2Cregular%2Citalic%2C500%2C500italic%2C700%2C700italic%2C900%2C900italic|font_style:700%20bold%20regular%3A700%3Anormal\u00bb align=\u00bbcenter\u00bb text=\u00bbMichelangelo\u2019s Real Estates &amp; Equities GmbH\u00bb font_size=\u00bblg:21&#8243;][\/vc_column][\/vc_row][vc_row lg_spacing=\u00bbmargin_bottom:75&#8243;][vc_column][vc_column_text]Sede legal: Z\u00farich (CH) N\u00b0 registro mercantil: CH-020.4.047.287-7 Sede comercial: Einsiedlerstra\u00dfe 25, 8820 W\u00e4denswil \/ Kanton Z\u00farich, Suiza Tel.: +41 44 214 6658 Fax: +41 44 214 6519 E-Mail: info@michelangelos.ch Web: www.michelangelos.ch &nbsp; Informaci\u00f3n de derechos de de autor El contenido y los programas de esta p\u00e1gina web est\u00e1n protegidos por los derechos de autor de Michelangelo\u2019s Real Estates &amp; Equities GmbH. Todos los derechos reservados. Esta p\u00e1gina web puede contener en parte im\u00e1genes, textos o sonidos que est\u00e9n sujetos a derechos de autor de terceros. La informaci\u00f3n sobre los derechos de autor en estos casos se indica en las zonas correspondientes. La informaci\u00f3n de esta p\u00e1gina web, inclusive textos, im\u00e1genes y sonidos, no se puede reproducir, transferir, distribuir o almacenar sin el consentimiento por escrito del editor, a menos que se acuerde expresamente lo contrario. La modificaci\u00f3n del contenido de esta p\u00e1gina web queda estrictamente prohibida. Informaci\u00f3n sobre enlaces externos A pesar del esmerado control del contenido de esta p\u00e1gina, Michelangelo\u2019s Real Estates &amp; Equities GmbH no asume ninguna responsabilidad sobre el contenido de p\u00e1ginas web externas, a las cuales se accede a trav\u00e9s de un enlace. La responsabilidad de los contenidos de p\u00e1ginas web externas recae exclusivamente sus operadores. Exclusi\u00f3n de responsabilidad La informaci\u00f3n de esta p\u00e1gina web se entiende \u00abtal cual\u00bb, sin garant\u00eda expl\u00edcita de ning\u00fan tipo. La informaci\u00f3n proporcionada en esta p\u00e1gina web se ha revisado atentamente y se actualiza de forma regular. Sin embargo, no repodemos garantizar que toda la informaci\u00f3n suministrada en este sitio web est\u00e9 completa, correcta y actualizada en cada momento. Toda la informaci\u00f3n est\u00e1 sujeta a actualizaci\u00f3n, eliminaci\u00f3n o modificaci\u00f3n sin aviso previo.[\/vc_column_text][\/vc_column][\/vc_row]","protected":false},"author":1,"featured_media":0,"parent":0,"menu_order":0,"comment_status":"closed","ping_status":"closed","template":"","meta":{"footnotes":""},"_links":{"self":[{"href":"https:\/\/michelangelos.ch\/es\/wp-json\/wp\/v2\/pages\/3265"}],"collection":[{"href":"https:\/\/michelangelos.ch\/es\/wp-json\/wp\/v2\/pages"}],"about":[{"href":"https:\/\/michelangelos.ch\/es\/wp-json\/wp\/v2\/types\/page"}],"author":[{"embeddable":true,"href":"https:\/\/michelangelos.ch\/es\/wp-json\/wp\/v2\/users\/1"}],"replies":[{"embeddable":true,"href":"https:\/\/michelangelos.ch\/es\/wp-json\/wp\/v2\/comments?post=3265"}],"version-history":[{"count":3,"href":"https:\/\/michelangelos.ch\/es\/wp-json\/wp\/v2\/pages\/3265\/revisions"}],"predecessor-version":[{"id":3404,"href":"https:\/\/michelangelos.ch\/es\/wp-json\/wp\/v2\/pages\/3265\/revisions\/3404"}],"wp:attachment":[{"href":"https:\/\/michelangelos.ch\/es\/wp-json\/wp\/v2\/media?parent=3265"}],"curies":[{"name":"wp","href":"https:\/\/api.w.org\/{rel}","templated":true}]}}