{"id":3163,"date":"2020-11-04T13:41:54","date_gmt":"2020-11-04T12:41:54","guid":{"rendered":"https:\/\/www.michelangelos.ch\/standort\/"},"modified":"2021-11-10T10:05:44","modified_gmt":"2021-11-10T09:05:44","slug":"sites","status":"publish","type":"page","link":"https:\/\/michelangelos.ch\/fr\/sites\/","title":{"rendered":"Sites"},"content":{"rendered":"<div class=\"wpb-content-wrapper\"><p>[vc_row lg_spacing=\u00a0\u00bbpadding_top:100;padding_bottom:140&Prime; md_spacing=\u00a0\u00bbpadding_top:100;padding_bottom:100&Prime; sm_spacing=\u00a0\u00bbpadding_top:60;padding_bottom:60&Prime;][vc_column sm_spacing=\u00a0\u00bbmargin_bottom:50&Prime;][tm_heading tag=\u00a0\u00bbh2&Prime; custom_google_font=\u00a0\u00bb\u00a0\u00bb google_fonts=\u00a0\u00bbfont_family:Roboto%3A100%2C100italic%2C300%2C300italic%2Cregular%2Citalic%2C500%2C500italic%2C700%2C700italic%2C900%2C900italic|font_style:500%20bold%20regular%3A500%3Anormal\u00a0\u00bb text_color=\u00a0\u00bbcustom\u00a0\u00bb custom_text_color=\u00a0\u00bb#ffffff\u00a0\u00bb text=\u00a0\u00bbRichterswil | Z\u00fcrich\u00a0\u00bb font_size=\u00a0\u00bbmd:27&Prime; css=\u00a0\u00bb.vc_custom_1636103134660{padding-top: 10px !important;padding-bottom: 10px !important;}\u00a0\u00bb][vc_raw_html css=\u00a0\u00bb.vc_custom_1622540631597{margin-top: 30px !important;margin-bottom: 40px !important;}\u00a0\u00bb el_class=\u00a0\u00bbshadow-map\u00a0\u00bb]JTNDZGl2JTNFJTBBJTNDaWZyYW1lJTIwc3JjJTNEJTIyaHR0cHMlM0ElMkYlMkZ3d3cuZ29vZ2xlLmNvbSUyRm1hcHMlMkZlbWJlZCUzRnBiJTNEJTIxMW0xOCUyMTFtMTIlMjExbTMlMjExZDE1MzMyLjY0NTgzOTE2Njg0JTIxMmQ4LjcxMzUyOTYwMTgyNDA2NyUyMTNkNDcuMjA3Njg5MzYxNTcyOTI1JTIxMm0zJTIxMWYwJTIxMmYwJTIxM2YwJTIxM20yJTIxMWkxMDI0JTIxMmk3NjglMjE0ZjEzLjElMjEzbTMlMjExbTIlMjExczB4NDc5YWIxZWVjNjY1MWU2ZiUyNTNBMHhhNjdlZDRiMDhlNjk1ODNiJTIxMnNTeWRlZHJ1Y2tpd2VnJTI1MjA2JTI1MkMlMjUyMDg4MDUlMjUyMFJpY2h0ZXJzd2lsJTI1MkMlMjUyMFNjaHdlaXolMjE1ZTAlMjEzbTIlMjExc2RlJTIxMnNkZSUyMTR2MTYyMjU0MDI3NzQwNCUyMTVtMiUyMTFzZGUlMjEyc2RlJTIyJTIwd2lkdGglM0QlMjIxMDAlMjUlMjIlMjBoZWlnaHQlM0QlMjI1NTAlMjIlMjBzdHlsZSUzRCUyMmJvcmRlciUzQTAlM0IlMjIlMjBhbGxvd2Z1bGxzY3JlZW4lM0QlMjIlMjIlMjBsb2FkaW5nJTNEJTIybGF6eSUyMiUzRSUzQyUyRmlmcmFtZSUzRSUwQSUzQyUyRmRpdiUzRQ==[\/vc_raw_html][vc_row_inner][vc_column_inner width=\u00a0\u00bb1\/2&Prime;][vc_column_text]<\/p>\n<p class=\"heading\">Zurich est l&rsquo;une des cinq places financi\u00e8res les plus comp\u00e9titives et les plus attrayantes du monde et a \u00e9t\u00e9 d\u00e9sign\u00e9e pour la premi\u00e8re fois en 2012 comme la ville la plus ch\u00e8re du monde par le c\u00e9l\u00e8bre magazine \u00e9conomique britannique \u00ab\u00a0Economist\u00a0\u00bb dans son enqu\u00eate annuelle.  Mais Zurich ne se r\u00e9sume pas aux banques : la place financi\u00e8re de Zurich s&rsquo;est \u00e9galement impos\u00e9e comme un centre important pour les TIC, les sciences de la vie, les technologies propres ainsi que les industries cr\u00e9atives et le tourisme. De nombreuses entreprises internationales y ont install\u00e9 leur si\u00e8ge et leur centre de recherche. Outre la stabilit\u00e9 \u00e9conomique et politique de la Suisse, la qualit\u00e9 de vie \u00e9lev\u00e9e de Zurich et la proximit\u00e9 d&rsquo;excellentes universit\u00e9s sont convaincantes.<\/p>\n<p>[\/vc_column_text][\/vc_column_inner][vc_column_inner width=\u00a0\u00bb1\/2&Prime;][vc_column_text]<\/p>\n<div id=\"tm-row-60b780e646b42\" class=\"vc_row vc_row-outer vc_row-fluid\">\n<div id=\"tm-column-60b780e646d6c\" class=\"wpb_column vc_column_container vc_col-sm-12\">\n<div class=\"vc_column-inner \">\n<div class=\"wpb_wrapper\">\n<div id=\"tm-heading-60b780e646f93\" class=\"tm-heading center tm-animation move-down animate\">\n<p class=\"heading\">Nous r\u00e9percutons \u00e9galement l&rsquo;avantage de l&#8217;emplacement sur nos clients, qui b\u00e9n\u00e9ficient ainsi non seulement de conseils professionnels mais peuvent \u00e9galement profiter des avantages d&rsquo;une ville cosmopolite. Notre administration est situ\u00e9e directement sur la rive droite du lac de Zurich, \u00e0 Richterswil. Notre bureau et notre salle d&rsquo;exposition se trouvent \u00e0 quelques pas de la gare ferroviaire ou sont accessibles par transport priv\u00e9 via l&rsquo;autoroute A3.<\/p>\n<\/div>\n<\/div>\n<\/div>\n<\/div>\n<\/div>\n<p>[\/vc_column_text][\/vc_column_inner][\/vc_row_inner][\/vc_column][\/vc_row]<\/p>\n<\/div>","protected":false},"excerpt":{"rendered":"[vc_row lg_spacing=\u00a0\u00bbpadding_top:100;padding_bottom:140&Prime; md_spacing=\u00a0\u00bbpadding_top:100;padding_bottom:100&Prime; sm_spacing=\u00a0\u00bbpadding_top:60;padding_bottom:60&Prime;][vc_column sm_spacing=\u00a0\u00bbmargin_bottom:50&Prime;][tm_heading tag=\u00a0\u00bbh2&Prime; custom_google_font=\u00a0\u00bb\u00a0\u00bb google_fonts=\u00a0\u00bbfont_family:Roboto%3A100%2C100italic%2C300%2C300italic%2Cregular%2Citalic%2C500%2C500italic%2C700%2C700italic%2C900%2C900italic|font_style:500%20bold%20regular%3A500%3Anormal\u00a0\u00bb text_color=\u00a0\u00bbcustom\u00a0\u00bb custom_text_color=\u00a0\u00bb#ffffff\u00a0\u00bb text=\u00a0\u00bbRichterswil | Z\u00fcrich\u00a0\u00bb font_size=\u00a0\u00bbmd:27&Prime; css=\u00a0\u00bb.vc_custom_1636103134660{padding-top: 10px !important;padding-bottom: 10px !important;}\u00a0\u00bb][vc_raw_html css=\u00a0\u00bb.vc_custom_1622540631597{margin-top: 30px !important;margin-bottom: 40px !important;}\u00a0\u00bb el_class=\u00a0\u00bbshadow-map\u00a0\u00bb]JTNDZGl2JTNFJTBBJTNDaWZyYW1lJTIwc3JjJTNEJTIyaHR0cHMlM0ElMkYlMkZ3d3cuZ29vZ2xlLmNvbSUyRm1hcHMlMkZlbWJlZCUzRnBiJTNEJTIxMW0xOCUyMTFtMTIlMjExbTMlMjExZDE1MzMyLjY0NTgzOTE2Njg0JTIxMmQ4LjcxMzUyOTYwMTgyNDA2NyUyMTNkNDcuMjA3Njg5MzYxNTcyOTI1JTIxMm0zJTIxMWYwJTIxMmYwJTIxM2YwJTIxM20yJTIxMWkxMDI0JTIxMmk3NjglMjE0ZjEzLjElMjEzbTMlMjExbTIlMjExczB4NDc5YWIxZWVjNjY1MWU2ZiUyNTNBMHhhNjdlZDRiMDhlNjk1ODNiJTIxMnNTeWRlZHJ1Y2tpd2VnJTI1MjA2JTI1MkMlMjUyMDg4MDUlMjUyMFJpY2h0ZXJzd2lsJTI1MkMlMjUyMFNjaHdlaXolMjE1ZTAlMjEzbTIlMjExc2RlJTIxMnNkZSUyMTR2MTYyMjU0MDI3NzQwNCUyMTVtMiUyMTFzZGUlMjEyc2RlJTIyJTIwd2lkdGglM0QlMjIxMDAlMjUlMjIlMjBoZWlnaHQlM0QlMjI1NTAlMjIlMjBzdHlsZSUzRCUyMmJvcmRlciUzQTAlM0IlMjIlMjBhbGxvd2Z1bGxzY3JlZW4lM0QlMjIlMjIlMjBsb2FkaW5nJTNEJTIybGF6eSUyMiUzRSUzQyUyRmlmcmFtZSUzRSUwQSUzQyUyRmRpdiUzRQ==[\/vc_raw_html][vc_row_inner][vc_column_inner width=\u00a0\u00bb1\/2&Prime;][vc_column_text] Zurich est l&rsquo;une des cinq places financi\u00e8res les plus comp\u00e9titives et les plus attrayantes du monde et a \u00e9t\u00e9 d\u00e9sign\u00e9e pour la premi\u00e8re fois en 2012 comme la ville la plus ch\u00e8re du monde par le c\u00e9l\u00e8bre magazine \u00e9conomique britannique \u00ab\u00a0Economist\u00a0\u00bb dans son enqu\u00eate annuelle. Mais Zurich ne se r\u00e9sume pas aux banques : la place financi\u00e8re de Zurich s&rsquo;est \u00e9galement impos\u00e9e comme un centre important pour les TIC, les sciences de la vie, les technologies propres ainsi que les industries cr\u00e9atives et le tourisme. De nombreuses entreprises internationales y ont install\u00e9 leur si\u00e8ge et leur centre de recherche. Outre la stabilit\u00e9 \u00e9conomique et politique de la Suisse, la qualit\u00e9 de vie \u00e9lev\u00e9e de Zurich et la proximit\u00e9 d&rsquo;excellentes universit\u00e9s sont convaincantes. [\/vc_column_text][\/vc_column_inner][vc_column_inner width=\u00a0\u00bb1\/2&Prime;][vc_column_text] Nous r\u00e9percutons \u00e9galement l&rsquo;avantage de l&#8217;emplacement sur nos clients, qui b\u00e9n\u00e9ficient ainsi non seulement de conseils professionnels mais peuvent \u00e9galement profiter des avantages d&rsquo;une ville cosmopolite. Notre administration est situ\u00e9e directement sur la rive droite du lac de Zurich, \u00e0 Richterswil. Notre bureau et notre salle d&rsquo;exposition se trouvent \u00e0 quelques pas de la gare ferroviaire ou sont accessibles par transport priv\u00e9 via l&rsquo;autoroute A3. [\/vc_column_text][\/vc_column_inner][\/vc_row_inner][\/vc_column][\/vc_row]","protected":false},"author":1,"featured_media":0,"parent":0,"menu_order":0,"comment_status":"closed","ping_status":"closed","template":"","meta":{"footnotes":""},"_links":{"self":[{"href":"https:\/\/michelangelos.ch\/fr\/wp-json\/wp\/v2\/pages\/3163"}],"collection":[{"href":"https:\/\/michelangelos.ch\/fr\/wp-json\/wp\/v2\/pages"}],"about":[{"href":"https:\/\/michelangelos.ch\/fr\/wp-json\/wp\/v2\/types\/page"}],"author":[{"embeddable":true,"href":"https:\/\/michelangelos.ch\/fr\/wp-json\/wp\/v2\/users\/1"}],"replies":[{"embeddable":true,"href":"https:\/\/michelangelos.ch\/fr\/wp-json\/wp\/v2\/comments?post=3163"}],"version-history":[{"count":10,"href":"https:\/\/michelangelos.ch\/fr\/wp-json\/wp\/v2\/pages\/3163\/revisions"}],"predecessor-version":[{"id":3824,"href":"https:\/\/michelangelos.ch\/fr\/wp-json\/wp\/v2\/pages\/3163\/revisions\/3824"}],"wp:attachment":[{"href":"https:\/\/michelangelos.ch\/fr\/wp-json\/wp\/v2\/media?parent=3163"}],"curies":[{"name":"wp","href":"https:\/\/api.w.org\/{rel}","templated":true}]}}