{"id":3257,"date":"2021-02-10T14:57:17","date_gmt":"2021-02-10T13:57:17","guid":{"rendered":"https:\/\/www.michelangelos.ch\/impressum\/"},"modified":"2021-03-09T09:30:45","modified_gmt":"2021-03-09T08:30:45","slug":"impressum","status":"publish","type":"page","link":"https:\/\/michelangelos.ch\/fr\/impressum\/","title":{"rendered":"Impressum"},"content":{"rendered":"<div class=\"wpb-content-wrapper\"><p>[vc_row lg_spacing=\u00a0\u00bbmargin_bottom:75&Prime;][vc_column][tm_heading tag=\u00a0\u00bbh4&Prime; custom_google_font=\u00a0\u00bb\u00a0\u00bb google_fonts=\u00a0\u00bbfont_family:Roboto%3A100%2C100italic%2C300%2C300italic%2Cregular%2Citalic%2C500%2C500italic%2C700%2C700italic%2C900%2C900italic|font_style:700%20bold%20regular%3A700%3Anormal\u00a0\u00bb align=\u00a0\u00bbcenter\u00a0\u00bb text=\u00a0\u00bbMichelangelo\u2019s Real Estates &amp; Equities GmbH\u00a0\u00bb font_size=\u00a0\u00bblg:21&Prime;][\/vc_column][\/vc_row][vc_row lg_spacing=\u00a0\u00bbmargin_bottom:75&Prime;][vc_column][vc_column_text]Si\u00e8ge social : Zurich, Suisse<br \/>\nRegistre du commerce no. : CH-020.4.047.287-7<br \/>\nBureau principal de la soci\u00e9t\u00e9 : Einsiedlerstra\u00dfe 25, 8820 W\u00e4denswil \/ Kanton Z\u00fcrich, Suisse<\/p>\n<p>Tel.: <a href=\"tel:+41442146658\">+41 44 214 6658<\/a><br \/>\nFax: +41 44 214 6519<br \/>\nE-Mail: <a href=\"mailto:info@michelangelos.ch\">info@michelangelos.ch<\/a><br \/>\nWeb: <a href=\"\/\">www.michelangelos.ch<\/a><\/p>\n<p>&nbsp;<\/p>\n<h3><span style=\"font-size: 10pt;\">Droits de propri\u00e9t\u00e9 intellectuelle<\/span><\/h3>\n<p><span style=\"font-size: 10pt;\">Le contenu et les programmes de ce site web sont prot\u00e9g\u00e9s par des droits de propri\u00e9t\u00e9 intellectuelle qui appartiennent \u00e0 Michelangelo\u2019s Real Estates &amp; Equities GmbH. Tous droits r\u00e9serv\u00e9s. Certaines parties de ce site web peuvent contenir des images, texte ou sons prot\u00e9g\u00e9s par les droits d&rsquo;auteur d&rsquo;un tiers. Dans ce cas, des mentions de r\u00e9serve du droit d&rsquo;auteur sont not\u00e9es aux endroits correspondants. Sauf disposition contraire explicite, aucune information contenue dans ce site web, qu&rsquo;il s&rsquo;agisse entre autres de texte, images ou sons, ne peut \u00eatre copi\u00e9e, transf\u00e9r\u00e9e, distribu\u00e9e ou stock\u00e9e sans l&rsquo;autorisation pr\u00e9alable \u00e9crite de l&rsquo;\u00e9diteur. Il est strictement interdit de modifier le contenu de ce site web.<\/span><\/p>\n<h3><span style=\"font-size: 10pt;\">R\u00e9f\u00e9rences \u00e0 des liens externes<\/span><\/h3>\n<p><span style=\"font-size: 10pt;\">Bien que Michelangelo\u2019s Real Estates &amp; Equities GmbH ait examin\u00e9 avec soin le contenu des sites li\u00e9s, la soci\u00e9t\u00e9 n&rsquo;assume aucune responsabilit\u00e9 quant \u00e0 leur contenu. La responsabilit\u00e9 du contenu de ces sites externes incombe uniquement aux op\u00e9rateurs des sites en question.<\/span><\/p>\n<h3><span style=\"font-size: 10pt;\">Clause de non-responsabilit\u00e9<\/span><\/h3>\n<p><span style=\"font-size: 10pt;\">Les informations de ce site web sont fournies \u00ab telles quelles \u00bb sans aucune forme de garantie implicite. Elles ont \u00e9t\u00e9 v\u00e9rifi\u00e9es avec soin et sont r\u00e9guli\u00e8rement mises \u00e0 jour. Cependant, nous ne pouvons garantir que toutes les informations fournies dans ce site web seront toujours compl\u00e8tes, exactes et \u00e0 jour. Toutes les informations pourront \u00eatre mises \u00e0 jour, supprim\u00e9es ou modifi\u00e9es sans pr\u00e9avis.<\/span>[\/vc_column_text][\/vc_column][\/vc_row]<\/p>\n<\/div>","protected":false},"excerpt":{"rendered":"[vc_row lg_spacing=\u00a0\u00bbmargin_bottom:75&Prime;][vc_column][tm_heading tag=\u00a0\u00bbh4&Prime; custom_google_font=\u00a0\u00bb\u00a0\u00bb google_fonts=\u00a0\u00bbfont_family:Roboto%3A100%2C100italic%2C300%2C300italic%2Cregular%2Citalic%2C500%2C500italic%2C700%2C700italic%2C900%2C900italic|font_style:700%20bold%20regular%3A700%3Anormal\u00a0\u00bb align=\u00a0\u00bbcenter\u00a0\u00bb text=\u00a0\u00bbMichelangelo\u2019s Real Estates &amp; Equities GmbH\u00a0\u00bb font_size=\u00a0\u00bblg:21&Prime;][\/vc_column][\/vc_row][vc_row lg_spacing=\u00a0\u00bbmargin_bottom:75&Prime;][vc_column][vc_column_text]Si\u00e8ge social : Zurich, Suisse Registre du commerce no. : CH-020.4.047.287-7 Bureau principal de la soci\u00e9t\u00e9 : Einsiedlerstra\u00dfe 25, 8820 W\u00e4denswil \/ Kanton Z\u00fcrich, Suisse Tel.: +41 44 214 6658 Fax: +41 44 214 6519 E-Mail: info@michelangelos.ch Web: www.michelangelos.ch &nbsp; Droits de propri\u00e9t\u00e9 intellectuelle Le contenu et les programmes de ce site web sont prot\u00e9g\u00e9s par des droits de propri\u00e9t\u00e9 intellectuelle qui appartiennent \u00e0 Michelangelo\u2019s Real Estates &amp; Equities GmbH. Tous droits r\u00e9serv\u00e9s. Certaines parties de ce site web peuvent contenir des images, texte ou sons prot\u00e9g\u00e9s par les droits d&rsquo;auteur d&rsquo;un tiers. Dans ce cas, des mentions de r\u00e9serve du droit d&rsquo;auteur sont not\u00e9es aux endroits correspondants. Sauf disposition contraire explicite, aucune information contenue dans ce site web, qu&rsquo;il s&rsquo;agisse entre autres de texte, images ou sons, ne peut \u00eatre copi\u00e9e, transf\u00e9r\u00e9e, distribu\u00e9e ou stock\u00e9e sans l&rsquo;autorisation pr\u00e9alable \u00e9crite de l&rsquo;\u00e9diteur. Il est strictement interdit de modifier le contenu de ce site web. R\u00e9f\u00e9rences \u00e0 des liens externes Bien que Michelangelo\u2019s Real Estates &amp; Equities GmbH ait examin\u00e9 avec soin le contenu des sites li\u00e9s, la soci\u00e9t\u00e9 n&rsquo;assume aucune responsabilit\u00e9 quant \u00e0 leur contenu. La responsabilit\u00e9 du contenu de ces sites externes incombe uniquement aux op\u00e9rateurs des sites en question. Clause de non-responsabilit\u00e9 Les informations de ce site web sont fournies \u00ab telles quelles \u00bb sans aucune forme de garantie implicite. Elles ont \u00e9t\u00e9 v\u00e9rifi\u00e9es avec soin et sont r\u00e9guli\u00e8rement mises \u00e0 jour. Cependant, nous ne pouvons garantir que toutes les informations fournies dans ce site web seront toujours compl\u00e8tes, exactes et \u00e0 jour. Toutes les informations pourront \u00eatre mises \u00e0 jour, supprim\u00e9es ou modifi\u00e9es sans pr\u00e9avis.[\/vc_column_text][\/vc_column][\/vc_row]","protected":false},"author":1,"featured_media":0,"parent":0,"menu_order":0,"comment_status":"closed","ping_status":"closed","template":"","meta":{"footnotes":""},"_links":{"self":[{"href":"https:\/\/michelangelos.ch\/fr\/wp-json\/wp\/v2\/pages\/3257"}],"collection":[{"href":"https:\/\/michelangelos.ch\/fr\/wp-json\/wp\/v2\/pages"}],"about":[{"href":"https:\/\/michelangelos.ch\/fr\/wp-json\/wp\/v2\/types\/page"}],"author":[{"embeddable":true,"href":"https:\/\/michelangelos.ch\/fr\/wp-json\/wp\/v2\/users\/1"}],"replies":[{"embeddable":true,"href":"https:\/\/michelangelos.ch\/fr\/wp-json\/wp\/v2\/comments?post=3257"}],"version-history":[{"count":3,"href":"https:\/\/michelangelos.ch\/fr\/wp-json\/wp\/v2\/pages\/3257\/revisions"}],"predecessor-version":[{"id":3402,"href":"https:\/\/michelangelos.ch\/fr\/wp-json\/wp\/v2\/pages\/3257\/revisions\/3402"}],"wp:attachment":[{"href":"https:\/\/michelangelos.ch\/fr\/wp-json\/wp\/v2\/media?parent=3257"}],"curies":[{"name":"wp","href":"https:\/\/api.w.org\/{rel}","templated":true}]}}