{"id":3111,"date":"2020-11-04T13:31:45","date_gmt":"2020-11-04T12:31:45","guid":{"rendered":"https:\/\/www.michelangelos.ch\/unsere-leistungen\/"},"modified":"2021-10-27T15:27:02","modified_gmt":"2021-10-27T13:27:02","slug":"i-nostri-servizi","status":"publish","type":"page","link":"https:\/\/michelangelos.ch\/it\/i-nostri-servizi\/","title":{"rendered":"I nostri servizi"},"content":{"rendered":"<div class=\"wpb-content-wrapper\"><p>[vc_row lg_spacing=&#8221;padding_top:140;padding_bottom:0&#8243; md_spacing=&#8221;padding_top:100;padding_bottom:0&#8243; sm_spacing=&#8221;padding_top:60;padding_bottom:0&#8243;][vc_column][vc_column_text el_class=&#8221;big-text&#8221;]<\/p>\n<p class=\"heading primary-color\">I nostri servizi sono orientati verso il progetto immobiliare, abbracciandone lo sviluppo completo : essi includono<\/p>\n<p>[\/vc_column_text][\/vc_column][\/vc_row][vc_row][vc_column][vc_row_inner equal_height=&#8221;yes&#8221; content_placement=&#8221;top&#8221; xs_content_alignment=&#8221;center&#8221; lg_spacing=&#8221;padding_top:20&#8243; gutter=&#8221;xs:22;lg:32&#8243; el_class=&#8221;services-grid&#8221;][vc_column_inner width=&#8221;1\/2&#8243; offset=&#8221;vc_col-lg-4&#8243; lg_spacing=&#8221;margin_top:50&#8243;][tm_box_icon align=&#8221;center&#8221; image=&#8221;3761&#8243; heading=&#8221;Gestione del progetto&#8221;][vc_column_text]<\/p>\n<p style=\"text-align: left;\">La nostra vasta esperienza da un gran numero di progetti ci permette di portare aspetti specifici della pianificazione e dell&#8217;esecuzione nel lavoro del progetto e di formare team di progetto. Su questo sfondo, possiamo identificare e ridurre i rischi del progetto in una fase iniziale. Sulla base di specifiche di servizio liberamente concordate, sosteniamo il nostro cliente assumendo i compiti del cliente nelle aree di organizzazione e documentazione, qualit\u00e0 e quantit\u00e0, costi e scadenze secondo le specifiche di servizio liberamente concordate. Cos\u00ec facendo, controlliamo il triangolo di relazioni tra scadenze, costi e requisiti dell&#8217;utente pianificando i processi, coordinando i partecipanti e confrontando costantemente obiettivi ed effettivi per il raggiungimento degli obiettivi.<\/p>\n<p>[\/vc_column_text][\/vc_column_inner][vc_column_inner width=&#8221;1\/2&#8243; offset=&#8221;vc_col-lg-offset-0 vc_col-lg-4&#8243; lg_spacing=&#8221;margin_top:50&#8243;][tm_box_icon align=&#8221;center&#8221; image=&#8221;1545&#8243; heading=&#8221;Mandato per la ricerca di beni e cessioni&#8221;][vc_column_text]<\/p>\n<p style=\"text-align: left;\">Da molti anni siamo dei partner fidati per investitori privati e commerciali nella ricerca (ricerca qualificata di beni) e nella cessione (cessione sul mercato o collocamento) di immobili da rendita o investimento. In tal senso rispettiamo rigorosamente le richieste di agire con massima discrezione. In stretta collaborazione con i nostri clienti elaboriamo i profili e gli obiettivi e li realizziamo sul mercato. Le nostre ricerche si focalizzano, in primo luogo, sulle opportunit\u00e0 fuori mercato (Off-Market Deals).<\/p>\n<p>[\/vc_column_text][\/vc_column_inner][vc_column_inner width=&#8221;1\/2&#8243; offset=&#8221;vc_col-lg-4&#8243; lg_spacing=&#8221;margin_top:50&#8243;][tm_box_icon align=&#8221;center&#8221; image=&#8221;1547&#8243; heading=&#8221;Gestione della dovuta diligenza (due diligence)&#8221;][vc_column_text]<\/p>\n<p style=\"text-align: left;\">La nostra procedura di dovuta diligenza immobiliare incrementa la qualit\u00e0 decisionale e, al contempo, minimizza i rischi. Grazie alla collaborazione con esperti settoriali indipendenti, quali avvocati, revisori di bilancio e altri, possiamo applicare metodi di analisi riconosciuti e redigere rapporti di dovuta diligenza sui risultati ottenuti.  I nostri campi d\u2019indagine riguardano le aree pi\u00f9 classiche, come il mercato, il diritto, il fisco, l\u2019ingegneria\/ingegneria edile, i luoghi contaminati e le finanze.<\/p>\n<p>[\/vc_column_text][\/vc_column_inner][vc_column_inner width=&#8221;1\/2&#8243; offset=&#8221;vc_col-lg-4&#8243; lg_spacing=&#8221;margin_top:50&#8243;][tm_box_icon align=&#8221;center&#8221; image=&#8221;1546&#8243; heading=&#8221;Consolidamento del portafoglio&#8221;][vc_column_text]<\/p>\n<p style=\"text-align: left;\">I mercati immobiliari sono in costante evoluzione, cos\u00ec come lo sono gli interessi e le possibilit\u00e0 degli investitori. Da qui deriva l\u2019esigenza di verificare periodicamente i portafogli immobiliari e, se necessario, apportare le modifiche del caso. Possediamo le conoscenze, l\u2019esperienza e l\u2019approccio necessari per analizzare i portafogli immobiliari, secondo metodi professionali, ed effettuare modifiche, basandoci sempre su standard nazionali e internazionali (IAS).<\/p>\n<p>[\/vc_column_text][\/vc_column_inner][vc_column_inner width=&#8221;1\/2&#8243; offset=&#8221;vc_col-lg-4&#8243; lg_spacing=&#8221;margin_top:50&#8243;][tm_box_icon align=&#8221;center&#8221; heading=&#8221;Investimenti immobiliari&#8221; image=&#8221;1544&#8243;][vc_column_text]<\/p>\n<p style=\"text-align: left;\">Mantenendo la nostra ampia flessibilit\u00e0, abbiamo deciso di specializzarci in tre ambiti commerciali: attenzione agli investimenti propri, consulenza per aziende private e istituzionali e investimenti coordinati con partner. Il nostro know-how ci permette di investire su un ampio spettro di classi di beni. In tal senso, il nostro approccio agli investimenti \u00e8 in linea con gli obiettivi dei nostri clienti e le possibilit\u00e0 del bene o del progetto stesso. Gli approcci risultanti possono assumere diversi aspetti: investimenti diretti e indiretti, strategie orientate al mantenimento o al commercio, approcci passivi incentrati sulla gestione o attivi incentrati sul management o, ancora, approcci con rischio maggiore o minore.<\/p>\n<p>[\/vc_column_text][\/vc_column_inner][vc_column_inner width=&#8221;1\/2&#8243; offset=&#8221;vc_col-lg-4&#8243; lg_spacing=&#8221;margin_top:50&#8243;][tm_box_icon align=&#8221;center&#8221; heading=&#8221;Strategie partecipative&#8221; image=&#8221;1542&#8243;][vc_column_text]<\/p>\n<p style=\"text-align: left;\">La collaborazione per rapporti di partecipazione di vario genere, con partner di progetto, consente di suddividere in maniera ottimale le esperienze e il capitale investito. Tenuto conto delle diverse opportunit\u00e0 di investimento, i nostri investitori hanno la possibilit\u00e0 di partecipare in investimenti continui, sviluppi di progetto, immobili con potenziale e risanamenti e di puntare su classi di rischio e rendita diverse.<\/p>\n<p>[\/vc_column_text][\/vc_column_inner][vc_column_inner width=&#8221;1\/2&#8243; offset=&#8221;vc_col-lg-4&#8243; lg_spacing=&#8221;margin_top:50&#8243;][tm_box_icon align=&#8221;center&#8221; mobile_align=&#8221;center&#8221; heading=&#8221;Sviluppo immobiliare&#8221; image=&#8221;1543&#8243;][vc_column_text]<\/p>\n<p style=\"text-align: left;\">Nulla \u00e8 cos\u00ec inalterabile come il cambiamento! Questa perla di saggezza vale anche per gli immobili. Alcuni elementi di un portafoglio possono dover essere riadattati o dei cambiamenti di mercato costringere a nuovi investimenti. Delle nuove idee per centri in cui ospitare uffici, negozi o aziende richiedono delle localit\u00e0 qualificate, delle misure mirate per realizzare gli aspetti pratici e, nello specifico, l\u2019intermediazione di investitori e gestori competenti. Queste sono le sfide che ci siamo posti.<\/p>\n<p>[\/vc_column_text][\/vc_column_inner][\/vc_row_inner][vc_row_inner lg_spacing=&#8221;padding_top:80;padding_bottom:140&#8243; md_spacing=&#8221;padding_top:60;padding_bottom:100&#8243;][vc_column_inner][tm_heading tag=&#8221;h4&#8243; custom_google_font=&#8221;&#8221; google_fonts=&#8221;font_family:Roboto%3A100%2C100italic%2C300%2C300italic%2Cregular%2Citalic%2C500%2C500italic%2C700%2C700italic%2C900%2C900italic|font_style:700%20bold%20regular%3A700%3Anormal&#8221; align=&#8221;center&#8221; text=&#8221;La nostra strategia parte da un analisi accurata della zona geografica d&#8217;interesse, puntando sui bisogni e sulle opportunit\u00e0\u00b4 che il luogo presenta, confacendosi alle direttive come la gestione e l\u00b4accumulazione di valori patrimoniali paragonabile: l&#8217;obiettivo prioritario \u00e8 l\u00b4equilibrio ottimale fra rendimento e salvaguardia del patrimonio.&#8221;][\/vc_column_inner][\/vc_row_inner][\/vc_column][\/vc_row]<\/p>\n<\/div>","protected":false},"excerpt":{"rendered":"[vc_row lg_spacing=&#8221;padding_top:140;padding_bottom:0&#8243; md_spacing=&#8221;padding_top:100;padding_bottom:0&#8243; sm_spacing=&#8221;padding_top:60;padding_bottom:0&#8243;][vc_column][vc_column_text el_class=&#8221;big-text&#8221;] I nostri servizi sono orientati verso il progetto immobiliare, abbracciandone lo sviluppo completo : essi includono [\/vc_column_text][\/vc_column][\/vc_row][vc_row][vc_column][vc_row_inner equal_height=&#8221;yes&#8221; content_placement=&#8221;top&#8221; xs_content_alignment=&#8221;center&#8221; lg_spacing=&#8221;padding_top:20&#8243; gutter=&#8221;xs:22;lg:32&#8243; el_class=&#8221;services-grid&#8221;][vc_column_inner width=&#8221;1\/2&#8243; offset=&#8221;vc_col-lg-4&#8243; lg_spacing=&#8221;margin_top:50&#8243;][tm_box_icon align=&#8221;center&#8221; image=&#8221;3761&#8243; heading=&#8221;Gestione del progetto&#8221;][vc_column_text] La nostra vasta esperienza da un gran numero di progetti ci permette di portare aspetti specifici della pianificazione e dell&#8217;esecuzione nel lavoro del progetto e di formare team di progetto. Su questo sfondo, possiamo identificare e ridurre i rischi del progetto in una fase iniziale. Sulla base di specifiche di servizio liberamente concordate, sosteniamo il nostro cliente assumendo i compiti del cliente nelle aree di organizzazione e documentazione, qualit\u00e0 e quantit\u00e0, costi e scadenze secondo le specifiche di servizio liberamente concordate. Cos\u00ec facendo, controlliamo il triangolo di relazioni tra scadenze, costi e requisiti dell&#8217;utente pianificando i processi, coordinando i partecipanti e confrontando costantemente obiettivi ed effettivi per il raggiungimento degli obiettivi. [\/vc_column_text][\/vc_column_inner][vc_column_inner width=&#8221;1\/2&#8243; offset=&#8221;vc_col-lg-offset-0 vc_col-lg-4&#8243; lg_spacing=&#8221;margin_top:50&#8243;][tm_box_icon align=&#8221;center&#8221; image=&#8221;1545&#8243; heading=&#8221;Mandato per la ricerca di beni e cessioni&#8221;][vc_column_text] Da molti anni siamo dei partner fidati per investitori privati e commerciali nella ricerca (ricerca qualificata di beni) e nella cessione (cessione sul mercato o collocamento) di immobili da rendita o investimento. In tal senso rispettiamo rigorosamente le richieste di agire con massima discrezione. In stretta collaborazione con i nostri clienti elaboriamo i profili e gli obiettivi e li realizziamo sul mercato. Le nostre ricerche si focalizzano, in primo luogo, sulle opportunit\u00e0 fuori mercato (Off-Market Deals). [\/vc_column_text][\/vc_column_inner][vc_column_inner width=&#8221;1\/2&#8243; offset=&#8221;vc_col-lg-4&#8243; lg_spacing=&#8221;margin_top:50&#8243;][tm_box_icon align=&#8221;center&#8221; image=&#8221;1547&#8243; heading=&#8221;Gestione della dovuta diligenza (due diligence)&#8221;][vc_column_text] La nostra procedura di dovuta diligenza immobiliare incrementa la qualit\u00e0 decisionale e, al contempo, minimizza i rischi. Grazie alla collaborazione con esperti settoriali indipendenti, quali avvocati, revisori di bilancio e altri, possiamo applicare metodi di analisi riconosciuti e redigere rapporti di dovuta diligenza sui risultati ottenuti. I nostri campi d\u2019indagine riguardano le aree pi\u00f9 classiche, come il mercato, il diritto, il fisco, l\u2019ingegneria\/ingegneria edile, i luoghi contaminati e le finanze. [\/vc_column_text][\/vc_column_inner][vc_column_inner width=&#8221;1\/2&#8243; offset=&#8221;vc_col-lg-4&#8243; lg_spacing=&#8221;margin_top:50&#8243;][tm_box_icon align=&#8221;center&#8221; image=&#8221;1546&#8243; heading=&#8221;Consolidamento del portafoglio&#8221;][vc_column_text] I mercati immobiliari sono in costante evoluzione, cos\u00ec come lo sono gli interessi e le possibilit\u00e0 degli investitori. Da qui deriva l\u2019esigenza di verificare periodicamente i portafogli immobiliari e, se necessario, apportare le modifiche del caso. Possediamo le conoscenze, l\u2019esperienza e l\u2019approccio necessari per analizzare i portafogli immobiliari, secondo metodi professionali, ed effettuare modifiche, basandoci sempre su standard nazionali e internazionali (IAS). [\/vc_column_text][\/vc_column_inner][vc_column_inner width=&#8221;1\/2&#8243; offset=&#8221;vc_col-lg-4&#8243; lg_spacing=&#8221;margin_top:50&#8243;][tm_box_icon align=&#8221;center&#8221; heading=&#8221;Investimenti immobiliari&#8221; image=&#8221;1544&#8243;][vc_column_text] Mantenendo la nostra ampia flessibilit\u00e0, abbiamo deciso di specializzarci in tre ambiti commerciali: attenzione agli investimenti propri, consulenza per aziende private e istituzionali e investimenti coordinati con partner. Il nostro know-how ci permette di investire su un ampio spettro di classi di beni. In tal senso, il nostro approccio agli investimenti \u00e8 in linea con gli obiettivi dei nostri clienti e le possibilit\u00e0 del bene o del progetto stesso. Gli approcci risultanti possono assumere diversi aspetti: investimenti diretti e indiretti, strategie orientate al mantenimento o al commercio, approcci passivi incentrati sulla gestione o attivi incentrati sul management o, ancora, approcci con rischio maggiore o minore. [\/vc_column_text][\/vc_column_inner][vc_column_inner width=&#8221;1\/2&#8243; offset=&#8221;vc_col-lg-4&#8243; lg_spacing=&#8221;margin_top:50&#8243;][tm_box_icon align=&#8221;center&#8221; heading=&#8221;Strategie partecipative&#8221; image=&#8221;1542&#8243;][vc_column_text] La collaborazione per rapporti di partecipazione di vario genere, con partner di progetto, consente di suddividere in maniera ottimale le esperienze e il capitale investito. Tenuto conto delle diverse opportunit\u00e0 di investimento, i nostri investitori hanno la possibilit\u00e0 di partecipare in investimenti continui, sviluppi di progetto, immobili con potenziale e risanamenti e di puntare su classi di rischio e rendita diverse. [\/vc_column_text][\/vc_column_inner][vc_column_inner width=&#8221;1\/2&#8243; offset=&#8221;vc_col-lg-4&#8243; lg_spacing=&#8221;margin_top:50&#8243;][tm_box_icon align=&#8221;center&#8221; mobile_align=&#8221;center&#8221; heading=&#8221;Sviluppo immobiliare&#8221; image=&#8221;1543&#8243;][vc_column_text] Nulla \u00e8 cos\u00ec inalterabile come il cambiamento! Questa perla di saggezza vale anche per gli immobili. Alcuni elementi di un portafoglio possono dover essere riadattati o dei cambiamenti di mercato costringere a nuovi investimenti. Delle nuove idee per centri in cui ospitare uffici, negozi o aziende richiedono delle localit\u00e0 qualificate, delle misure mirate per realizzare gli aspetti pratici e, nello specifico, l\u2019intermediazione di investitori e gestori competenti. Queste sono le sfide che ci siamo posti. [\/vc_column_text][\/vc_column_inner][\/vc_row_inner][vc_row_inner lg_spacing=&#8221;padding_top:80;padding_bottom:140&#8243; md_spacing=&#8221;padding_top:60;padding_bottom:100&#8243;][vc_column_inner][tm_heading tag=&#8221;h4&#8243; custom_google_font=&#8221;&#8221; google_fonts=&#8221;font_family:Roboto%3A100%2C100italic%2C300%2C300italic%2Cregular%2Citalic%2C500%2C500italic%2C700%2C700italic%2C900%2C900italic|font_style:700%20bold%20regular%3A700%3Anormal&#8221; align=&#8221;center&#8221; text=&#8221;La nostra strategia parte da un analisi accurata della zona geografica d&#8217;interesse, puntando sui bisogni e sulle opportunit\u00e0\u00b4 che il luogo presenta, confacendosi alle direttive come la gestione e l\u00b4accumulazione di valori patrimoniali paragonabile: l&#8217;obiettivo prioritario \u00e8 l\u00b4equilibrio ottimale fra rendimento e salvaguardia del patrimonio.&#8221;][\/vc_column_inner][\/vc_row_inner][\/vc_column][\/vc_row]","protected":false},"author":1,"featured_media":0,"parent":0,"menu_order":0,"comment_status":"closed","ping_status":"closed","template":"","meta":{"footnotes":""},"_links":{"self":[{"href":"https:\/\/michelangelos.ch\/it\/wp-json\/wp\/v2\/pages\/3111"}],"collection":[{"href":"https:\/\/michelangelos.ch\/it\/wp-json\/wp\/v2\/pages"}],"about":[{"href":"https:\/\/michelangelos.ch\/it\/wp-json\/wp\/v2\/types\/page"}],"author":[{"embeddable":true,"href":"https:\/\/michelangelos.ch\/it\/wp-json\/wp\/v2\/users\/1"}],"replies":[{"embeddable":true,"href":"https:\/\/michelangelos.ch\/it\/wp-json\/wp\/v2\/comments?post=3111"}],"version-history":[{"count":10,"href":"https:\/\/michelangelos.ch\/it\/wp-json\/wp\/v2\/pages\/3111\/revisions"}],"predecessor-version":[{"id":3785,"href":"https:\/\/michelangelos.ch\/it\/wp-json\/wp\/v2\/pages\/3111\/revisions\/3785"}],"wp:attachment":[{"href":"https:\/\/michelangelos.ch\/it\/wp-json\/wp\/v2\/media?parent=3111"}],"curies":[{"name":"wp","href":"https:\/\/api.w.org\/{rel}","templated":true}]}}