{"id":3167,"date":"2020-11-04T13:41:54","date_gmt":"2020-11-04T12:41:54","guid":{"rendered":"https:\/\/www.michelangelos.ch\/standort\/"},"modified":"2021-11-10T10:06:13","modified_gmt":"2021-11-10T09:06:13","slug":"localita","status":"publish","type":"page","link":"https:\/\/michelangelos.ch\/it\/localita\/","title":{"rendered":"Localit\u00e0"},"content":{"rendered":"<div class=\"wpb-content-wrapper\"><p>[vc_row lg_spacing=&#8221;padding_top:100;padding_bottom:140&#8243; md_spacing=&#8221;padding_top:100;padding_bottom:100&#8243; sm_spacing=&#8221;padding_top:60;padding_bottom:60&#8243;][vc_column sm_spacing=&#8221;margin_bottom:50&#8243;][tm_heading tag=&#8221;h2&#8243; custom_google_font=&#8221;&#8221; google_fonts=&#8221;font_family:Roboto%3A100%2C100italic%2C300%2C300italic%2Cregular%2Citalic%2C500%2C500italic%2C700%2C700italic%2C900%2C900italic|font_style:500%20bold%20regular%3A500%3Anormal&#8221; text_color=&#8221;custom&#8221; custom_text_color=&#8221;#ffffff&#8221; text=&#8221;Richterswil | Z\u00fcrich&#8221; font_size=&#8221;md:27&#8243; css=&#8221;.vc_custom_1636103153457{padding-top: 10px !important;padding-bottom: 10px !important;}&#8221;][vc_raw_html css=&#8221;.vc_custom_1622540631597{margin-top: 30px !important;margin-bottom: 40px !important;}&#8221; el_class=&#8221;shadow-map&#8221;]JTNDZGl2JTNFJTBBJTNDaWZyYW1lJTIwc3JjJTNEJTIyaHR0cHMlM0ElMkYlMkZ3d3cuZ29vZ2xlLmNvbSUyRm1hcHMlMkZlbWJlZCUzRnBiJTNEJTIxMW0xOCUyMTFtMTIlMjExbTMlMjExZDE1MzMyLjY0NTgzOTE2Njg0JTIxMmQ4LjcxMzUyOTYwMTgyNDA2NyUyMTNkNDcuMjA3Njg5MzYxNTcyOTI1JTIxMm0zJTIxMWYwJTIxMmYwJTIxM2YwJTIxM20yJTIxMWkxMDI0JTIxMmk3NjglMjE0ZjEzLjElMjEzbTMlMjExbTIlMjExczB4NDc5YWIxZWVjNjY1MWU2ZiUyNTNBMHhhNjdlZDRiMDhlNjk1ODNiJTIxMnNTeWRlZHJ1Y2tpd2VnJTI1MjA2JTI1MkMlMjUyMDg4MDUlMjUyMFJpY2h0ZXJzd2lsJTI1MkMlMjUyMFNjaHdlaXolMjE1ZTAlMjEzbTIlMjExc2RlJTIxMnNkZSUyMTR2MTYyMjU0MDI3NzQwNCUyMTVtMiUyMTFzZGUlMjEyc2RlJTIyJTIwd2lkdGglM0QlMjIxMDAlMjUlMjIlMjBoZWlnaHQlM0QlMjI1NTAlMjIlMjBzdHlsZSUzRCUyMmJvcmRlciUzQTAlM0IlMjIlMjBhbGxvd2Z1bGxzY3JlZW4lM0QlMjIlMjIlMjBsb2FkaW5nJTNEJTIybGF6eSUyMiUzRSUzQyUyRmlmcmFtZSUzRSUwQSUzQyUyRmRpdiUzRQ==[\/vc_raw_html][vc_row_inner][vc_column_inner width=&#8221;1\/2&#8243;][vc_column_text]<\/p>\n<p class=\"heading\">Zurigo \u00e8 uno dei cinque centri finanziari pi\u00f9 competitivi e attraenti del mondo ed \u00e8 stata nominata la citt\u00e0 pi\u00f9 cara del mondo per la prima volta nel 2012 dalla rinomata rivista economica britannica &#8220;Economist&#8221; nella sua indagine annuale.  Ma Zurigo non \u00e8 solo banche &#8211; il centro finanziario di Zurigo si \u00e8 anche affermato come un importante centro di ICT, scienze della vita, cleantech cos\u00ec come industrie creative e turismo. Numerose aziende internazionali hanno stabilito qui sedi e centri di ricerca. Oltre alla stabilit\u00e0 economica e politica della Svizzera, l&#8217;alta qualit\u00e0 di vita di Zurigo e la vicinanza a eccellenti universit\u00e0 sono convincenti.<\/p>\n<p>[\/vc_column_text][\/vc_column_inner][vc_column_inner width=&#8221;1\/2&#8243;][vc_column_text]<\/p>\n<div id=\"tm-row-60b780e646b42\" class=\"vc_row vc_row-outer vc_row-fluid\">\n<div id=\"tm-column-60b780e646d6c\" class=\"wpb_column vc_column_container vc_col-sm-12\">\n<div class=\"vc_column-inner \">\n<div class=\"wpb_wrapper\">\n<div id=\"tm-heading-60b780e646f93\" class=\"tm-heading center tm-animation move-down animate\">\n<p class=\"heading\">Trasmettiamo anche il vantaggio dell&#8217;ubicazione ai nostri clienti, che cos\u00ec non solo ricevono una consulenza professionale ma possono anche godere dei vantaggi di una citt\u00e0 cosmopolita. La nostra amministrazione si trova direttamente sulla riva destra del lago di Zurigo, a Richterswil. Il nostro ufficio e il nostro showroom si trovano a pochi passi dalla stazione ferroviaria o possono essere raggiunti anche con il trasporto privato attraverso l&#8217;autostrada A3.<\/p>\n<\/div>\n<\/div>\n<\/div>\n<\/div>\n<\/div>\n<p>[\/vc_column_text][\/vc_column_inner][\/vc_row_inner][\/vc_column][\/vc_row]<\/p>\n<\/div>","protected":false},"excerpt":{"rendered":"[vc_row lg_spacing=&#8221;padding_top:100;padding_bottom:140&#8243; md_spacing=&#8221;padding_top:100;padding_bottom:100&#8243; sm_spacing=&#8221;padding_top:60;padding_bottom:60&#8243;][vc_column sm_spacing=&#8221;margin_bottom:50&#8243;][tm_heading tag=&#8221;h2&#8243; custom_google_font=&#8221;&#8221; google_fonts=&#8221;font_family:Roboto%3A100%2C100italic%2C300%2C300italic%2Cregular%2Citalic%2C500%2C500italic%2C700%2C700italic%2C900%2C900italic|font_style:500%20bold%20regular%3A500%3Anormal&#8221; text_color=&#8221;custom&#8221; custom_text_color=&#8221;#ffffff&#8221; text=&#8221;Richterswil | Z\u00fcrich&#8221; font_size=&#8221;md:27&#8243; css=&#8221;.vc_custom_1636103153457{padding-top: 10px !important;padding-bottom: 10px !important;}&#8221;][vc_raw_html css=&#8221;.vc_custom_1622540631597{margin-top: 30px !important;margin-bottom: 40px !important;}&#8221; el_class=&#8221;shadow-map&#8221;]JTNDZGl2JTNFJTBBJTNDaWZyYW1lJTIwc3JjJTNEJTIyaHR0cHMlM0ElMkYlMkZ3d3cuZ29vZ2xlLmNvbSUyRm1hcHMlMkZlbWJlZCUzRnBiJTNEJTIxMW0xOCUyMTFtMTIlMjExbTMlMjExZDE1MzMyLjY0NTgzOTE2Njg0JTIxMmQ4LjcxMzUyOTYwMTgyNDA2NyUyMTNkNDcuMjA3Njg5MzYxNTcyOTI1JTIxMm0zJTIxMWYwJTIxMmYwJTIxM2YwJTIxM20yJTIxMWkxMDI0JTIxMmk3NjglMjE0ZjEzLjElMjEzbTMlMjExbTIlMjExczB4NDc5YWIxZWVjNjY1MWU2ZiUyNTNBMHhhNjdlZDRiMDhlNjk1ODNiJTIxMnNTeWRlZHJ1Y2tpd2VnJTI1MjA2JTI1MkMlMjUyMDg4MDUlMjUyMFJpY2h0ZXJzd2lsJTI1MkMlMjUyMFNjaHdlaXolMjE1ZTAlMjEzbTIlMjExc2RlJTIxMnNkZSUyMTR2MTYyMjU0MDI3NzQwNCUyMTVtMiUyMTFzZGUlMjEyc2RlJTIyJTIwd2lkdGglM0QlMjIxMDAlMjUlMjIlMjBoZWlnaHQlM0QlMjI1NTAlMjIlMjBzdHlsZSUzRCUyMmJvcmRlciUzQTAlM0IlMjIlMjBhbGxvd2Z1bGxzY3JlZW4lM0QlMjIlMjIlMjBsb2FkaW5nJTNEJTIybGF6eSUyMiUzRSUzQyUyRmlmcmFtZSUzRSUwQSUzQyUyRmRpdiUzRQ==[\/vc_raw_html][vc_row_inner][vc_column_inner width=&#8221;1\/2&#8243;][vc_column_text] Zurigo \u00e8 uno dei cinque centri finanziari pi\u00f9 competitivi e attraenti del mondo ed \u00e8 stata nominata la citt\u00e0 pi\u00f9 cara del mondo per la prima volta nel 2012 dalla rinomata rivista economica britannica &#8220;Economist&#8221; nella sua indagine annuale. Ma Zurigo non \u00e8 solo banche &#8211; il centro finanziario di Zurigo si \u00e8 anche affermato come un importante centro di ICT, scienze della vita, cleantech cos\u00ec come industrie creative e turismo. Numerose aziende internazionali hanno stabilito qui sedi e centri di ricerca. Oltre alla stabilit\u00e0 economica e politica della Svizzera, l&#8217;alta qualit\u00e0 di vita di Zurigo e la vicinanza a eccellenti universit\u00e0 sono convincenti. [\/vc_column_text][\/vc_column_inner][vc_column_inner width=&#8221;1\/2&#8243;][vc_column_text] Trasmettiamo anche il vantaggio dell&#8217;ubicazione ai nostri clienti, che cos\u00ec non solo ricevono una consulenza professionale ma possono anche godere dei vantaggi di una citt\u00e0 cosmopolita. La nostra amministrazione si trova direttamente sulla riva destra del lago di Zurigo, a Richterswil. Il nostro ufficio e il nostro showroom si trovano a pochi passi dalla stazione ferroviaria o possono essere raggiunti anche con il trasporto privato attraverso l&#8217;autostrada A3. [\/vc_column_text][\/vc_column_inner][\/vc_row_inner][\/vc_column][\/vc_row]","protected":false},"author":1,"featured_media":0,"parent":0,"menu_order":0,"comment_status":"closed","ping_status":"closed","template":"","meta":{"footnotes":""},"_links":{"self":[{"href":"https:\/\/michelangelos.ch\/it\/wp-json\/wp\/v2\/pages\/3167"}],"collection":[{"href":"https:\/\/michelangelos.ch\/it\/wp-json\/wp\/v2\/pages"}],"about":[{"href":"https:\/\/michelangelos.ch\/it\/wp-json\/wp\/v2\/types\/page"}],"author":[{"embeddable":true,"href":"https:\/\/michelangelos.ch\/it\/wp-json\/wp\/v2\/users\/1"}],"replies":[{"embeddable":true,"href":"https:\/\/michelangelos.ch\/it\/wp-json\/wp\/v2\/comments?post=3167"}],"version-history":[{"count":10,"href":"https:\/\/michelangelos.ch\/it\/wp-json\/wp\/v2\/pages\/3167\/revisions"}],"predecessor-version":[{"id":3825,"href":"https:\/\/michelangelos.ch\/it\/wp-json\/wp\/v2\/pages\/3167\/revisions\/3825"}],"wp:attachment":[{"href":"https:\/\/michelangelos.ch\/it\/wp-json\/wp\/v2\/media?parent=3167"}],"curies":[{"name":"wp","href":"https:\/\/api.w.org\/{rel}","templated":true}]}}